{"id":591,"date":"2024-09-19T01:07:11","date_gmt":"2024-09-19T07:07:11","guid":{"rendered":"https:\/\/festivaldelcentrohistorico.com\/?page_id=591"},"modified":"2024-10-03T21:28:49","modified_gmt":"2024-10-04T03:28:49","slug":"inicio-fch27","status":"publish","type":"page","link":"https:\/\/festivaldelcentrohistorico.com\/27fch\/","title":{"rendered":"Inicio"},"content":{"rendered":"\t\t<div data-elementor-type=\"wp-page\" data-elementor-id=\"591\" class=\"elementor elementor-591\" data-elementor-post-type=\"page\">\n\t\t\t\t\t\t<section class=\"elementor-section elementor-top-section elementor-element elementor-element-83da9d3 elementor-section-full_width elementor-section-stretched elementor-section-height-default elementor-section-height-default\" data-id=\"83da9d3\" data-element_type=\"section\" data-settings=\"{&quot;stretch_section&quot;:&quot;section-stretched&quot;,&quot;jet_parallax_layout_list&quot;:[]}\">\n\t\t\t\t\t\t<div class=\"elementor-container elementor-column-gap-default\">\n\t\t\t\t\t<div class=\"elementor-column elementor-col-33 elementor-top-column elementor-element elementor-element-cc83492\" data-id=\"cc83492\" data-element_type=\"column\">\n\t\t\t<div class=\"elementor-widget-wrap elementor-element-populated\">\n\t\t\t\t\t\t<div class=\"elementor-element elementor-element-85b187e elementor-widget elementor-widget-image\" data-id=\"85b187e\" data-element_type=\"widget\" data-widget_type=\"image.default\">\n\t\t\t\t<div class=\"elementor-widget-container\">\n\t\t\t\t\t\t\t\t\t\t\t\t\t<img decoding=\"async\" src=\"https:\/\/s3-alpha-sig.figma.com\/img\/9d6a\/6468\/760dae3c71334e4639340ba923ec8091?Expires=1728864000&#038;Key-Pair-Id=APKAQ4GOSFWCVNEHN3O4&#038;Signature=XHbsTe4gXiEACzWwWhUUsXFIdS0kaBcgmiQcuw3z-eeo4x7h2Mcb1FP26-pHn1xXbhcKOQ06NkjdPohIZbxCXkiEQ44UKAKSn4BqWWvzCRZd1lMCJ7jvBci94HRd5KDn-ow2ECkkwE007DXMi6pWpLL0fmv9kYkkMGwudgCzIZUGa3DkVtitDcaC6OQA6Y5YPDDYFOZhl1wz6AunjrnDo23CQdcnkPiRZ1gyyDbZQobHdjef-PIIM32UlRw7qdv8pqI1kTafzaKKWMvcJ-1FF2ofg8R-u9pLXe-KZB6sd9x6GGL8VP8Q-IQSo1Jsue8kgDGqqYh0lgWQIbRq8E97Sw__\" title=\"\" alt=\"\" loading=\"lazy\" \/>\t\t\t\t\t\t\t\t\t\t\t\t\t<\/div>\n\t\t\t\t<\/div>\n\t\t\t\t<div class=\"elementor-element elementor-element-4399c78 elementor-hidden-mobile elementor-widget elementor-widget-text-editor\" data-id=\"4399c78\" data-element_type=\"widget\" data-widget_type=\"text-editor.default\">\n\t\t\t\t<div class=\"elementor-widget-container\">\n\t\t\t\t\t\t\t<p>Regresa el Festival del Centro Hist\u00f3rico, que se llevar\u00e1 a cabo del 3 al 12 de octubre del 2024 con el lema \u201cExpl\u00f3ralo, disfr\u00fatalo, v\u00edvelo\u201d en su 27.\u00aa edici\u00f3n.<\/p><p>Este encuentro con la cultura, el arte y el patrimonio presenta m\u00e1s de 100 actividades culturales, art\u00edsticas y acad\u00e9micas gratuitas para todo p\u00fablico, con sede en diversos puntos de inter\u00e9s del Centro Hist\u00f3rico de la Ciudad de Guatemala.<\/p>\t\t\t\t\t\t<\/div>\n\t\t\t\t<\/div>\n\t\t\t\t<div class=\"elementor-element elementor-element-9cc67be elementor-align-justify elementor-hidden-mobile elementor-widget elementor-widget-button\" data-id=\"9cc67be\" data-element_type=\"widget\" data-widget_type=\"button.default\">\n\t\t\t\t<div class=\"elementor-widget-container\">\n\t\t\t\t\t<div class=\"elementor-button-wrapper\">\n\t\t\t<a class=\"elementor-button elementor-button-link elementor-size-sm\" href=\"https:\/\/festivaldelcentrohistorico.com\/27fch\/wp-content\/uploads\/2024\/09\/27FCH_Comunicado-de-Prensa_Digital.pdf\" target=\"_blank\">\n\t\t\t\t\t\t<span class=\"elementor-button-content-wrapper\">\n\t\t\t\t\t\t\t\t\t<span class=\"elementor-button-text\"> COMUNICADO DE PRENSA<\/span>\n\t\t\t\t\t<\/span>\n\t\t\t\t\t<\/a>\n\t\t<\/div>\n\t\t\t\t<\/div>\n\t\t\t\t<\/div>\n\t\t\t\t<div class=\"elementor-element elementor-element-aead716 elementor-hidden-mobile elementor-widget elementor-widget-text-editor\" data-id=\"aead716\" data-element_type=\"widget\" data-widget_type=\"text-editor.default\">\n\t\t\t\t<div class=\"elementor-widget-container\">\n\t\t\t\t\t\t\t<p>Casa Ibarg\u00fcen 7 avenida 11-66, zona 1, Guatemala\u2028<br \/>(+502) 2285 8950 AL 52<\/p>\t\t\t\t\t\t<\/div>\n\t\t\t\t<\/div>\n\t\t\t\t<div class=\"elementor-element elementor-element-3fadac5 elementor-hidden-mobile elementor-widget elementor-widget-image\" data-id=\"3fadac5\" data-element_type=\"widget\" data-widget_type=\"image.default\">\n\t\t\t\t<div class=\"elementor-widget-container\">\n\t\t\t\t\t\t\t\t\t\t\t\t\t<img decoding=\"async\" width=\"432\" height=\"38\" src=\"https:\/\/festivaldelcentrohistorico.com\/27fch\/wp-content\/uploads\/2024\/09\/Patrocinadores_Rojo-1.png\" class=\"attachment-large size-large wp-image-629\" alt=\"\" srcset=\"https:\/\/festivaldelcentrohistorico.com\/27fch\/wp-content\/uploads\/2024\/09\/Patrocinadores_Rojo-1.png 432w, https:\/\/festivaldelcentrohistorico.com\/27fch\/wp-content\/uploads\/2024\/09\/Patrocinadores_Rojo-1-300x26.png 300w\" sizes=\"(max-width: 432px) 100vw, 432px\" \/>\t\t\t\t\t\t\t\t\t\t\t\t\t<\/div>\n\t\t\t\t<\/div>\n\t\t\t\t\t<\/div>\n\t\t<\/div>\n\t\t\t\t<div class=\"elementor-column elementor-col-33 elementor-top-column elementor-element elementor-element-93f768a\" data-id=\"93f768a\" data-element_type=\"column\">\n\t\t\t<div class=\"elementor-widget-wrap elementor-element-populated\">\n\t\t\t\t\t\t<div class=\"elementor-element elementor-element-da64552 elementor-hidden-mobile elementor-widget elementor-widget-image\" data-id=\"da64552\" data-element_type=\"widget\" data-widget_type=\"image.default\">\n\t\t\t\t<div class=\"elementor-widget-container\">\n\t\t\t\t\t\t\t\t\t\t\t\t\t<img decoding=\"async\" src=\"https:\/\/s3-alpha-sig.figma.com\/img\/aefc\/33ed\/88177d0090a771c329c7e0860652d05b?Expires=1728864000&#038;Key-Pair-Id=APKAQ4GOSFWCVNEHN3O4&#038;Signature=jSZP~MVPJ-fgUw~QmC0q8VX6u1Mejb-BA23DFvVNP8LElWR8VplaSrqn6PEARaeNCJuYXwwaTuE-sew2W~oLIVEhDr3~7NqBxQZVKEoiT2QC-TLoXEWTTERwGCUDdEpTVSKkxZN1lMNgfa1jaN2euBpISNmhlcnm8Eo1ErWoyjcY-GdIZimv0ST8PSnHrso6cHBQtzcRzWg3ucJn9ciRIa3FMKaqAiAnQuXtoGmnafwo88~yfxbd9opUS-1KcWvZuVVV0fSc-chyTMkv~s36~Khw9wQZt12Kf8dQ76dKm8~CWFyn3aEAIiH2EJ1Ko3vwFroJKbC8d~EMw8OFmkWcEw__\" title=\"\" alt=\"\" loading=\"lazy\" \/>\t\t\t\t\t\t\t\t\t\t\t\t\t<\/div>\n\t\t\t\t<\/div>\n\t\t\t\t\t<\/div>\n\t\t<\/div>\n\t\t\t\t<div class=\"elementor-column elementor-col-33 elementor-top-column elementor-element elementor-element-b25e17d\" data-id=\"b25e17d\" data-element_type=\"column\">\n\t\t\t<div class=\"elementor-widget-wrap elementor-element-populated\">\n\t\t\t\t\t\t<section class=\"elementor-section elementor-inner-section elementor-element elementor-element-83b3c58 elementor-section-boxed elementor-section-height-default elementor-section-height-default\" data-id=\"83b3c58\" data-element_type=\"section\" data-settings=\"{&quot;jet_parallax_layout_list&quot;:[]}\">\n\t\t\t\t\t\t<div class=\"elementor-container elementor-column-gap-default\">\n\t\t\t\t\t<div class=\"elementor-column elementor-col-50 elementor-inner-column elementor-element elementor-element-bf623ad\" data-id=\"bf623ad\" data-element_type=\"column\">\n\t\t\t<div class=\"elementor-widget-wrap elementor-element-populated\">\n\t\t\t\t\t\t<div class=\"elementor-element elementor-element-22a537d elementor-hidden-desktop elementor-hidden-mobile elementor-widget elementor-widget-image\" data-id=\"22a537d\" data-element_type=\"widget\" data-widget_type=\"image.default\">\n\t\t\t\t<div class=\"elementor-widget-container\">\n\t\t\t\t\t\t\t\t\t\t\t\t\t\t<a href=\"https:\/\/festivaldelcentrohistorico.com\/27fch\/wp-content\/uploads\/2024\/10\/Agenda-de-Actividades-27-FCH.pdf\">\n\t\t\t\t\t\t\t<img fetchpriority=\"high\" decoding=\"async\" width=\"432\" height=\"293\" src=\"https:\/\/festivaldelcentrohistorico.com\/27fch\/wp-content\/uploads\/2024\/09\/posts-1.png\" class=\"attachment-full size-full wp-image-627\" alt=\"\" srcset=\"https:\/\/festivaldelcentrohistorico.com\/27fch\/wp-content\/uploads\/2024\/09\/posts-1.png 432w, https:\/\/festivaldelcentrohistorico.com\/27fch\/wp-content\/uploads\/2024\/09\/posts-1-300x203.png 300w\" sizes=\"(max-width: 432px) 100vw, 432px\" \/>\t\t\t\t\t\t\t\t<\/a>\n\t\t\t\t\t\t\t\t\t\t\t\t\t<\/div>\n\t\t\t\t<\/div>\n\t\t\t\t\t<\/div>\n\t\t<\/div>\n\t\t\t\t<div class=\"elementor-column elementor-col-50 elementor-inner-column elementor-element elementor-element-6aaaf0c\" data-id=\"6aaaf0c\" data-element_type=\"column\">\n\t\t\t<div class=\"elementor-widget-wrap elementor-element-populated\">\n\t\t\t\t\t\t<div class=\"elementor-element elementor-element-16edb18 elementor-hidden-desktop elementor-hidden-mobile elementor-widget elementor-widget-image\" data-id=\"16edb18\" data-element_type=\"widget\" data-widget_type=\"image.default\">\n\t\t\t\t<div class=\"elementor-widget-container\">\n\t\t\t\t\t\t\t\t\t\t\t\t\t\t<a href=\"https:\/\/festivaldelcentrohistorico.com\/27fch\/wp-content\/uploads\/2024\/09\/27FCH-Actividades-de-Temporada.pdf\">\n\t\t\t\t\t\t\t<img decoding=\"async\" width=\"432\" height=\"293\" src=\"https:\/\/festivaldelcentrohistorico.com\/27fch\/wp-content\/uploads\/2024\/09\/posts-2.png\" class=\"attachment-full size-full wp-image-628\" alt=\"\" srcset=\"https:\/\/festivaldelcentrohistorico.com\/27fch\/wp-content\/uploads\/2024\/09\/posts-2.png 432w, https:\/\/festivaldelcentrohistorico.com\/27fch\/wp-content\/uploads\/2024\/09\/posts-2-300x203.png 300w\" sizes=\"(max-width: 432px) 100vw, 432px\" \/>\t\t\t\t\t\t\t\t<\/a>\n\t\t\t\t\t\t\t\t\t\t\t\t\t<\/div>\n\t\t\t\t<\/div>\n\t\t\t\t\t<\/div>\n\t\t<\/div>\n\t\t\t\t\t<\/div>\n\t\t<\/section>\n\t\t\t\t<div class=\"elementor-element elementor-element-bbc7918 elementor-hidden-tablet elementor-hidden-mobile elementor-widget elementor-widget-image\" data-id=\"bbc7918\" data-element_type=\"widget\" data-widget_type=\"image.default\">\n\t\t\t\t<div class=\"elementor-widget-container\">\n\t\t\t\t\t\t\t\t\t\t\t\t\t\t<a href=\"https:\/\/festivaldelcentrohistorico.com\/27fch\/wp-content\/uploads\/2024\/10\/Agenda-de-Actividades-27-FCH.pdf\" target=\"_blank\">\n\t\t\t\t\t\t\t<img loading=\"lazy\" decoding=\"async\" width=\"432\" height=\"293\" src=\"https:\/\/festivaldelcentrohistorico.com\/27fch\/wp-content\/uploads\/2024\/10\/posts.svg\" class=\"attachment-full size-full wp-image-1212\" alt=\"\" \/>\t\t\t\t\t\t\t\t<\/a>\n\t\t\t\t\t\t\t\t\t\t\t\t\t<\/div>\n\t\t\t\t<\/div>\n\t\t\t\t<div class=\"elementor-element elementor-element-a731e56 elementor-hidden-tablet elementor-hidden-mobile elementor-widget elementor-widget-image\" data-id=\"a731e56\" data-element_type=\"widget\" data-widget_type=\"image.default\">\n\t\t\t\t<div class=\"elementor-widget-container\">\n\t\t\t\t\t\t\t\t\t\t\t\t\t\t<a href=\"https:\/\/festivaldelcentrohistorico.com\/27fch\/wp-content\/uploads\/2024\/09\/27FCH-Actividades-de-Temporada.pdf\" target=\"_blank\">\n\t\t\t\t\t\t\t<img decoding=\"async\" src=\"https:\/\/festivaldelcentrohistorico.com\/27fch\/assets\/posts.svg\" title=\"\" alt=\"\" loading=\"lazy\" \/>\t\t\t\t\t\t\t\t<\/a>\n\t\t\t\t\t\t\t\t\t\t\t\t\t<\/div>\n\t\t\t\t<\/div>\n\t\t\t\t\t<\/div>\n\t\t<\/div>\n\t\t\t\t\t<\/div>\n\t\t<\/section>\n\t\t\t\t<section class=\"elementor-section elementor-top-section elementor-element elementor-element-b5ac3a1 elementor-section-full_width elementor-hidden-desktop elementor-hidden-tablet elementor-section-height-default elementor-section-height-default\" data-id=\"b5ac3a1\" data-element_type=\"section\" data-settings=\"{&quot;jet_parallax_layout_list&quot;:[]}\">\n\t\t\t\t\t\t<div class=\"elementor-container elementor-column-gap-default\">\n\t\t\t\t\t<div class=\"elementor-column elementor-col-100 elementor-top-column elementor-element elementor-element-ba052bb\" data-id=\"ba052bb\" data-element_type=\"column\">\n\t\t\t<div class=\"elementor-widget-wrap elementor-element-populated\">\n\t\t\t\t\t\t<div class=\"elementor-element elementor-element-e3e35b3 elementor-widget elementor-widget-spacer\" data-id=\"e3e35b3\" data-element_type=\"widget\" data-widget_type=\"spacer.default\">\n\t\t\t\t<div class=\"elementor-widget-container\">\n\t\t\t\t\t<div class=\"elementor-spacer\">\n\t\t\t<div class=\"elementor-spacer-inner\"><\/div>\n\t\t<\/div>\n\t\t\t\t<\/div>\n\t\t\t\t<\/div>\n\t\t\t\t<div class=\"elementor-element elementor-element-2a222c3 elementor-widget elementor-widget-image\" data-id=\"2a222c3\" data-element_type=\"widget\" data-widget_type=\"image.default\">\n\t\t\t\t<div class=\"elementor-widget-container\">\n\t\t\t\t\t\t\t\t\t\t\t\t\t<img loading=\"lazy\" decoding=\"async\" width=\"330\" height=\"240\" src=\"https:\/\/festivaldelcentrohistorico.com\/27fch\/wp-content\/uploads\/2024\/09\/libros.png\" class=\"attachment-large size-large wp-image-646\" alt=\"\" srcset=\"https:\/\/festivaldelcentrohistorico.com\/27fch\/wp-content\/uploads\/2024\/09\/libros.png 330w, https:\/\/festivaldelcentrohistorico.com\/27fch\/wp-content\/uploads\/2024\/09\/libros-300x218.png 300w\" sizes=\"(max-width: 330px) 100vw, 330px\" \/>\t\t\t\t\t\t\t\t\t\t\t\t\t<\/div>\n\t\t\t\t<\/div>\n\t\t\t\t\t<\/div>\n\t\t<\/div>\n\t\t\t\t\t<\/div>\n\t\t<\/section>\n\t\t\t\t<section class=\"elementor-section elementor-top-section elementor-element elementor-element-2bc8728 elementor-section-full_width elementor-hidden-desktop elementor-hidden-tablet elementor-section-height-default elementor-section-height-default\" data-id=\"2bc8728\" data-element_type=\"section\" data-settings=\"{&quot;jet_parallax_layout_list&quot;:[]}\">\n\t\t\t\t\t\t<div class=\"elementor-container elementor-column-gap-default\">\n\t\t\t\t\t<div class=\"elementor-column elementor-col-100 elementor-top-column elementor-element elementor-element-52a46bd\" data-id=\"52a46bd\" data-element_type=\"column\">\n\t\t\t<div class=\"elementor-widget-wrap elementor-element-populated\">\n\t\t\t\t\t\t<div class=\"elementor-element elementor-element-23f4c61 elementor-widget elementor-widget-image\" data-id=\"23f4c61\" data-element_type=\"widget\" data-widget_type=\"image.default\">\n\t\t\t\t<div class=\"elementor-widget-container\">\n\t\t\t\t\t\t\t\t\t\t\t\t\t<img loading=\"lazy\" decoding=\"async\" width=\"982\" height=\"257\" src=\"https:\/\/festivaldelcentrohistorico.com\/27fch\/wp-content\/uploads\/2024\/10\/slogan.png\" class=\"attachment-full size-full wp-image-1186\" alt=\"\" srcset=\"https:\/\/festivaldelcentrohistorico.com\/27fch\/wp-content\/uploads\/2024\/10\/slogan.png 982w, https:\/\/festivaldelcentrohistorico.com\/27fch\/wp-content\/uploads\/2024\/10\/slogan-300x79.png 300w, https:\/\/festivaldelcentrohistorico.com\/27fch\/wp-content\/uploads\/2024\/10\/slogan-768x201.png 768w\" sizes=\"(max-width: 982px) 100vw, 982px\" \/>\t\t\t\t\t\t\t\t\t\t\t\t\t<\/div>\n\t\t\t\t<\/div>\n\t\t\t\t<div class=\"elementor-element elementor-element-96d53b4 elementor-widget elementor-widget-text-editor\" data-id=\"96d53b4\" data-element_type=\"widget\" data-widget_type=\"text-editor.default\">\n\t\t\t\t<div class=\"elementor-widget-container\">\n\t\t\t\t\t\t\t<p>Regresa el <strong>Festival del Centro Hist\u00f3rico<\/strong>, que se llevar\u00e1 a cabo del <strong>3 al 12 de octubre del 2024<\/strong> con el lema <strong>\u201cExpl\u00f3ralo, disfr\u00fatalo, v\u00edvelo\u201d<\/strong> en su <strong>27.\u00aa edici\u00f3n.<\/strong><\/p><p>Este encuentro con la cultura, el arte y el patrimonio presenta <strong>m\u00e1s de 100 actividades culturales, art\u00edsticas y acad\u00e9micas gratuitas para todo p\u00fablico,<\/strong> con sede en diversos puntos de inter\u00e9s del <strong>Centro Hist\u00f3rico de la Ciudad de Guatemala.<\/strong><\/p>\t\t\t\t\t\t<\/div>\n\t\t\t\t<\/div>\n\t\t\t\t<section class=\"elementor-section elementor-inner-section elementor-element elementor-element-36724ec elementor-section-boxed elementor-section-height-default elementor-section-height-default\" data-id=\"36724ec\" data-element_type=\"section\" data-settings=\"{&quot;jet_parallax_layout_list&quot;:[]}\">\n\t\t\t\t\t\t<div class=\"elementor-container elementor-column-gap-default\">\n\t\t\t\t\t<div class=\"elementor-column elementor-col-50 elementor-inner-column elementor-element elementor-element-82f76cd\" data-id=\"82f76cd\" data-element_type=\"column\">\n\t\t\t<div class=\"elementor-widget-wrap elementor-element-populated\">\n\t\t\t\t\t\t<div class=\"elementor-element elementor-element-fd54b4c elementor-align-justify elementor-mobile-align-justify elementor-widget elementor-widget-button\" data-id=\"fd54b4c\" data-element_type=\"widget\" data-widget_type=\"button.default\">\n\t\t\t\t<div class=\"elementor-widget-container\">\n\t\t\t\t\t<div class=\"elementor-button-wrapper\">\n\t\t\t<a class=\"elementor-button elementor-button-link elementor-size-sm\" href=\"https:\/\/festivaldelcentrohistorico.com\/27fch\/wp-content\/uploads\/2024\/10\/Agenda-de-Actividades-27-FCH.pdf\" target=\"_blank\">\n\t\t\t\t\t\t<span class=\"elementor-button-content-wrapper\">\n\t\t\t\t\t\t\t\t\t<span class=\"elementor-button-text\">AGENDA<\/span>\n\t\t\t\t\t<\/span>\n\t\t\t\t\t<\/a>\n\t\t<\/div>\n\t\t\t\t<\/div>\n\t\t\t\t<\/div>\n\t\t\t\t\t<\/div>\n\t\t<\/div>\n\t\t\t\t<div class=\"elementor-column elementor-col-50 elementor-inner-column elementor-element elementor-element-5dbdbf0\" data-id=\"5dbdbf0\" data-element_type=\"column\">\n\t\t\t<div class=\"elementor-widget-wrap elementor-element-populated\">\n\t\t\t\t\t\t<div class=\"elementor-element elementor-element-f893025 elementor-align-justify elementor-mobile-align-justify elementor-widget elementor-widget-button\" data-id=\"f893025\" data-element_type=\"widget\" data-widget_type=\"button.default\">\n\t\t\t\t<div class=\"elementor-widget-container\">\n\t\t\t\t\t<div class=\"elementor-button-wrapper\">\n\t\t\t<a class=\"elementor-button elementor-button-link elementor-size-sm\" href=\"https:\/\/festivaldelcentrohistorico.com\/27fch\/wp-content\/uploads\/2024\/09\/27FCH-Actividades-de-Temporada.pdf\" target=\"_blank\">\n\t\t\t\t\t\t<span class=\"elementor-button-content-wrapper\">\n\t\t\t\t\t\t\t\t\t<span class=\"elementor-button-text\">DE TEMPORADA<\/span>\n\t\t\t\t\t<\/span>\n\t\t\t\t\t<\/a>\n\t\t<\/div>\n\t\t\t\t<\/div>\n\t\t\t\t<\/div>\n\t\t\t\t\t<\/div>\n\t\t<\/div>\n\t\t\t\t\t<\/div>\n\t\t<\/section>\n\t\t\t\t<div class=\"elementor-element elementor-element-74c0cab elementor-align-justify elementor-widget elementor-widget-button\" data-id=\"74c0cab\" data-element_type=\"widget\" data-widget_type=\"button.default\">\n\t\t\t\t<div class=\"elementor-widget-container\">\n\t\t\t\t\t<div class=\"elementor-button-wrapper\">\n\t\t\t<a class=\"elementor-button elementor-button-link elementor-size-sm\" href=\"https:\/\/festivaldelcentrohistorico.com\/27fch\/wp-content\/uploads\/2024\/09\/27FCH_Comunicado-de-Prensa_Digital.pdf\" target=\"_blank\">\n\t\t\t\t\t\t<span class=\"elementor-button-content-wrapper\">\n\t\t\t\t\t\t\t\t\t<span class=\"elementor-button-text\"> COMUNICADO DE PRENSA<\/span>\n\t\t\t\t\t<\/span>\n\t\t\t\t\t<\/a>\n\t\t<\/div>\n\t\t\t\t<\/div>\n\t\t\t\t<\/div>\n\t\t\t\t<div class=\"elementor-element elementor-element-b5f01bc elementor-widget elementor-widget-text-editor\" data-id=\"b5f01bc\" data-element_type=\"widget\" data-widget_type=\"text-editor.default\">\n\t\t\t\t<div class=\"elementor-widget-container\">\n\t\t\t\t\t\t\tCasa Ibarg\u00fcen 7 avenida 11-66, zona 1,<br>\nGuatemala<br>\n(+502) 2285 8950 AL 52\t\t\t\t\t\t<\/div>\n\t\t\t\t<\/div>\n\t\t\t\t\t<\/div>\n\t\t<\/div>\n\t\t\t\t\t<\/div>\n\t\t<\/section>\n\t\t\t\t<\/div>\n\t\t","protected":false},"excerpt":{"rendered":"<p>Regresa el Festival del Centro Hist\u00f3rico, que se llevar\u00e1 a cabo del 3 al 12 de octubre del 2024 con el lema \u201cExpl\u00f3ralo, disfr\u00fatalo, v\u00edvelo\u201d en su 27.\u00aa edici\u00f3n. Este encuentro con la cultura, el arte y el patrimonio presenta m\u00e1s de 100 actividades culturales, art\u00edsticas y acad\u00e9micas gratuitas para todo p\u00fablico, con sede en [&hellip;]<\/p>\n","protected":false},"author":1,"featured_media":0,"parent":0,"menu_order":0,"comment_status":"closed","ping_status":"closed","template":"","meta":{"_monsterinsights_skip_tracking":false,"_monsterinsights_sitenote_active":false,"_monsterinsights_sitenote_note":"","_monsterinsights_sitenote_category":0,"_uf_show_specific_survey":0,"_uf_disable_surveys":false,"footnotes":""},"class_list":["post-591","page","type-page","status-publish","hentry"],"_links":{"self":[{"href":"https:\/\/festivaldelcentrohistorico.com\/27fch\/wp-json\/wp\/v2\/pages\/591","targetHints":{"allow":["GET"]}}],"collection":[{"href":"https:\/\/festivaldelcentrohistorico.com\/27fch\/wp-json\/wp\/v2\/pages"}],"about":[{"href":"https:\/\/festivaldelcentrohistorico.com\/27fch\/wp-json\/wp\/v2\/types\/page"}],"author":[{"embeddable":true,"href":"https:\/\/festivaldelcentrohistorico.com\/27fch\/wp-json\/wp\/v2\/users\/1"}],"replies":[{"embeddable":true,"href":"https:\/\/festivaldelcentrohistorico.com\/27fch\/wp-json\/wp\/v2\/comments?post=591"}],"version-history":[{"count":164,"href":"https:\/\/festivaldelcentrohistorico.com\/27fch\/wp-json\/wp\/v2\/pages\/591\/revisions"}],"predecessor-version":[{"id":1356,"href":"https:\/\/festivaldelcentrohistorico.com\/27fch\/wp-json\/wp\/v2\/pages\/591\/revisions\/1356"}],"wp:attachment":[{"href":"https:\/\/festivaldelcentrohistorico.com\/27fch\/wp-json\/wp\/v2\/media?parent=591"}],"curies":[{"name":"wp","href":"https:\/\/api.w.org\/{rel}","templated":true}]}}