{"id":156,"date":"2023-09-25T13:16:35","date_gmt":"2023-09-25T19:16:35","guid":{"rendered":"https:\/\/festivaldelcentrohistorico.com\/?page_id=156"},"modified":"2024-10-08T15:18:21","modified_gmt":"2024-10-08T21:18:21","slug":"el-festival","status":"publish","type":"page","link":"https:\/\/festivaldelcentrohistorico.com\/27fch\/el-festival\/","title":{"rendered":"El Festival"},"content":{"rendered":"\t\t<div data-elementor-type=\"wp-page\" data-elementor-id=\"156\" class=\"elementor elementor-156\" data-elementor-post-type=\"page\">\n\t\t\t\t\t\t<section class=\"elementor-section elementor-top-section elementor-element elementor-element-b5e7b34 elementor-section-full_width elementor-hidden-desktop elementor-hidden-mobile elementor-section-height-default elementor-section-height-default\" data-id=\"b5e7b34\" data-element_type=\"section\" data-settings=\"{&quot;jet_parallax_layout_list&quot;:[]}\">\n\t\t\t\t\t\t<div class=\"elementor-container elementor-column-gap-default\">\n\t\t\t\t\t<div class=\"elementor-column elementor-col-50 elementor-top-column elementor-element elementor-element-d9f3a5f\" data-id=\"d9f3a5f\" data-element_type=\"column\">\n\t\t\t<div class=\"elementor-widget-wrap elementor-element-populated\">\n\t\t\t\t\t\t<div class=\"elementor-element elementor-element-1582477 elementor-widget elementor-widget-heading\" data-id=\"1582477\" data-element_type=\"widget\" data-widget_type=\"heading.default\">\n\t\t\t\t<div class=\"elementor-widget-container\">\n\t\t\t<h2 class=\"elementor-heading-title elementor-size-default\">27 a\u00f1os de promover la cultura y el arte en el Centro Hist\u00f3rico<\/h2>\t\t<\/div>\n\t\t\t\t<\/div>\n\t\t\t\t\t<\/div>\n\t\t<\/div>\n\t\t\t\t<div class=\"elementor-column elementor-col-50 elementor-top-column elementor-element elementor-element-bd478d6\" data-id=\"bd478d6\" data-element_type=\"column\">\n\t\t\t<div class=\"elementor-widget-wrap elementor-element-populated\">\n\t\t\t\t\t\t<div class=\"elementor-element elementor-element-e24530c elementor-widget-tablet__width-initial elementor-absolute elementor-widget elementor-widget-image\" data-id=\"e24530c\" data-element_type=\"widget\" data-settings=\"{&quot;_position&quot;:&quot;absolute&quot;}\" data-widget_type=\"image.default\">\n\t\t\t\t<div class=\"elementor-widget-container\">\n\t\t\t\t\t\t\t\t\t\t\t\t\t<img fetchpriority=\"high\" decoding=\"async\" width=\"924\" height=\"395\" src=\"https:\/\/festivaldelcentrohistorico.com\/27fch\/wp-content\/uploads\/2024\/09\/Tablet_Header01-1.png\" class=\"attachment-full size-full wp-image-714\" alt=\"\" srcset=\"https:\/\/festivaldelcentrohistorico.com\/27fch\/wp-content\/uploads\/2024\/09\/Tablet_Header01-1.png 924w, https:\/\/festivaldelcentrohistorico.com\/27fch\/wp-content\/uploads\/2024\/09\/Tablet_Header01-1-300x128.png 300w, https:\/\/festivaldelcentrohistorico.com\/27fch\/wp-content\/uploads\/2024\/09\/Tablet_Header01-1-768x328.png 768w\" sizes=\"(max-width: 924px) 100vw, 924px\" \/>\t\t\t\t\t\t\t\t\t\t\t\t\t<\/div>\n\t\t\t\t<\/div>\n\t\t\t\t<section class=\"elementor-section elementor-inner-section elementor-element elementor-element-e446171 elementor-section-boxed elementor-section-height-default elementor-section-height-default\" data-id=\"e446171\" data-element_type=\"section\" data-settings=\"{&quot;jet_parallax_layout_list&quot;:[]}\">\n\t\t\t\t\t\t<div class=\"elementor-container elementor-column-gap-default\">\n\t\t\t\t\t<div class=\"elementor-column elementor-col-50 elementor-inner-column elementor-element elementor-element-7e0294c\" data-id=\"7e0294c\" data-element_type=\"column\">\n\t\t\t<div class=\"elementor-widget-wrap\">\n\t\t\t\t\t\t\t<\/div>\n\t\t<\/div>\n\t\t\t\t<div class=\"elementor-column elementor-col-50 elementor-inner-column elementor-element elementor-element-29583cc\" data-id=\"29583cc\" data-element_type=\"column\">\n\t\t\t<div class=\"elementor-widget-wrap\">\n\t\t\t\t\t\t\t<\/div>\n\t\t<\/div>\n\t\t\t\t\t<\/div>\n\t\t<\/section>\n\t\t\t\t\t<\/div>\n\t\t<\/div>\n\t\t\t\t\t<\/div>\n\t\t<\/section>\n\t\t\t\t<section class=\"elementor-section elementor-top-section elementor-element elementor-element-0412ae5 elementor-hidden-desktop elementor-hidden-mobile elementor-section-boxed elementor-section-height-default elementor-section-height-default\" data-id=\"0412ae5\" data-element_type=\"section\" data-settings=\"{&quot;jet_parallax_layout_list&quot;:[]}\">\n\t\t\t\t\t\t<div class=\"elementor-container elementor-column-gap-default\">\n\t\t\t\t\t<div class=\"elementor-column elementor-col-50 elementor-top-column elementor-element elementor-element-9c36073\" data-id=\"9c36073\" data-element_type=\"column\">\n\t\t\t<div class=\"elementor-widget-wrap elementor-element-populated\">\n\t\t\t\t\t\t<div class=\"elementor-element elementor-element-9f9d0e6 elementor-widget elementor-widget-text-editor\" data-id=\"9f9d0e6\" data-element_type=\"widget\" data-widget_type=\"text-editor.default\">\n\t\t\t\t<div class=\"elementor-widget-container\">\n\t\t\t\t\t\t\t<p>El centro de la Ciudad de Guatemala estar\u00e1 de fiesta del 3 al 12 de octubre del 2024, cuando se celebre el tan esperado 27\u00b0 Festival del Centro Hist\u00f3rico, uno de los eventos culturales y art\u00edsticos de mayor relevancia de nuestro pa\u00eds.<\/p><p>Una vez m\u00e1s, este sector de la capital, declarado en 1998 Patrimonio Cultural de la Naci\u00f3n, ser\u00e1 la sede de m\u00e1s de un centenar de actividades en las que tendremos la posibilidad de presenciar lo mejor de las bellas artes y de nuestra tradici\u00f3n cultural. Asimismo, podremos redescubrir nuestro hermoso Centro Hist\u00f3rico.<\/p>\t\t\t\t\t\t<\/div>\n\t\t\t\t<\/div>\n\t\t\t\t\t<\/div>\n\t\t<\/div>\n\t\t\t\t<div class=\"elementor-column elementor-col-50 elementor-top-column elementor-element elementor-element-a41aa64\" data-id=\"a41aa64\" data-element_type=\"column\">\n\t\t\t<div class=\"elementor-widget-wrap elementor-element-populated\">\n\t\t\t\t\t\t<div class=\"elementor-element elementor-element-75184e7 elementor-widget elementor-widget-text-editor\" data-id=\"75184e7\" data-element_type=\"widget\" data-widget_type=\"text-editor.default\">\n\t\t\t\t<div class=\"elementor-widget-container\">\n\t\t\t\t\t\t\t<p>Por ello, esta edici\u00f3n del aclamado Festival est\u00e1 acompa\u00f1ado del eslogan \u201cExpl\u00f3ralo, disfr\u00fatalo, v\u00edvelo\u201d, ya que precisamente eso lo que deseamos para todos: que exploren las maravillas arquitect\u00f3nicas expresadas en inmuebles neocl\u00e1sicos o edificios art d\u00e9co, a la vez que disfrutan con presentaciones de canto, m\u00fasica, danza o literatura; exposiciones, eventos infantiles, talleres y foros acad\u00e9micos, y as\u00ed puedan vivir experiencias \u00fanicas e inolvidables.<\/p><p>Aprovechemos estos 10 d\u00edas para conectarnos de lleno con la cultura y el arte, y as\u00ed contribuir con la revitalizaci\u00f3n y preservaci\u00f3n del Centro Hist\u00f3rico, \u00a1el coraz\u00f3n de nuestra ciudad!<\/p>\t\t\t\t\t\t<\/div>\n\t\t\t\t<\/div>\n\t\t\t\t\t<\/div>\n\t\t<\/div>\n\t\t\t\t\t<\/div>\n\t\t<\/section>\n\t\t\t\t<section class=\"elementor-section elementor-top-section elementor-element elementor-element-5998a02 elementor-section-boxed elementor-section-height-default elementor-section-height-default\" data-id=\"5998a02\" data-element_type=\"section\" data-settings=\"{&quot;jet_parallax_layout_list&quot;:[]}\">\n\t\t\t\t\t\t<div class=\"elementor-container elementor-column-gap-default\">\n\t\t\t\t\t<div class=\"elementor-column elementor-col-100 elementor-top-column elementor-element elementor-element-e38d2ed\" data-id=\"e38d2ed\" data-element_type=\"column\">\n\t\t\t<div class=\"elementor-widget-wrap elementor-element-populated\">\n\t\t\t\t\t\t<section class=\"elementor-section elementor-inner-section elementor-element elementor-element-5d8f648 elementor-hidden-desktop elementor-hidden-mobile elementor-section-boxed elementor-section-height-default elementor-section-height-default\" data-id=\"5d8f648\" data-element_type=\"section\" data-settings=\"{&quot;jet_parallax_layout_list&quot;:[]}\">\n\t\t\t\t\t\t<div class=\"elementor-container elementor-column-gap-default\">\n\t\t\t\t\t<div class=\"elementor-column elementor-col-50 elementor-inner-column elementor-element elementor-element-0db82ab\" data-id=\"0db82ab\" data-element_type=\"column\">\n\t\t\t<div class=\"elementor-widget-wrap elementor-element-populated\">\n\t\t\t\t\t\t<div class=\"elementor-element elementor-element-9f07729 elementor-align-justify elementor-mobile-align-justify elementor-widget elementor-widget-button\" data-id=\"9f07729\" data-element_type=\"widget\" data-widget_type=\"button.default\">\n\t\t\t\t<div class=\"elementor-widget-container\">\n\t\t\t\t\t<div class=\"elementor-button-wrapper\">\n\t\t\t<a class=\"elementor-button elementor-button-link elementor-size-sm\" href=\"https:\/\/festivaldelcentrohistorico.com\/27fch\/wp-content\/uploads\/2024\/10\/Agenda-de-Actividades-27-FCH.pdf\">\n\t\t\t\t\t\t<span class=\"elementor-button-content-wrapper\">\n\t\t\t\t\t\t\t\t\t<span class=\"elementor-button-text\">AGENDA<\/span>\n\t\t\t\t\t<\/span>\n\t\t\t\t\t<\/a>\n\t\t<\/div>\n\t\t\t\t<\/div>\n\t\t\t\t<\/div>\n\t\t\t\t\t<\/div>\n\t\t<\/div>\n\t\t\t\t<div class=\"elementor-column elementor-col-50 elementor-inner-column elementor-element elementor-element-c6ec87a\" data-id=\"c6ec87a\" data-element_type=\"column\">\n\t\t\t<div class=\"elementor-widget-wrap elementor-element-populated\">\n\t\t\t\t\t\t<div class=\"elementor-element elementor-element-0da56ce elementor-align-justify elementor-mobile-align-justify elementor-widget elementor-widget-button\" data-id=\"0da56ce\" data-element_type=\"widget\" data-widget_type=\"button.default\">\n\t\t\t\t<div class=\"elementor-widget-container\">\n\t\t\t\t\t<div class=\"elementor-button-wrapper\">\n\t\t\t<a class=\"elementor-button elementor-button-link elementor-size-sm\" href=\"https:\/\/festivaldelcentrohistorico.com\/27fch\/wp-content\/uploads\/2024\/09\/27FCH-Actividades-de-Temporada.pdf\">\n\t\t\t\t\t\t<span class=\"elementor-button-content-wrapper\">\n\t\t\t\t\t\t\t\t\t<span class=\"elementor-button-text\">DE TEMPORADA<\/span>\n\t\t\t\t\t<\/span>\n\t\t\t\t\t<\/a>\n\t\t<\/div>\n\t\t\t\t<\/div>\n\t\t\t\t<\/div>\n\t\t\t\t\t<\/div>\n\t\t<\/div>\n\t\t\t\t\t<\/div>\n\t\t<\/section>\n\t\t\t\t<div class=\"elementor-element elementor-element-d68a937 elementor-hidden-desktop elementor-hidden-tablet elementor-widget elementor-widget-image\" data-id=\"d68a937\" data-element_type=\"widget\" data-widget_type=\"image.default\">\n\t\t\t\t<div class=\"elementor-widget-container\">\n\t\t\t\t\t\t\t\t\t\t\t\t\t<img decoding=\"async\" width=\"330\" height=\"409\" src=\"https:\/\/festivaldelcentrohistorico.com\/27fch\/wp-content\/uploads\/2024\/09\/ballet-1.png\" class=\"attachment-large size-large wp-image-719\" alt=\"\" srcset=\"https:\/\/festivaldelcentrohistorico.com\/27fch\/wp-content\/uploads\/2024\/09\/ballet-1.png 330w, https:\/\/festivaldelcentrohistorico.com\/27fch\/wp-content\/uploads\/2024\/09\/ballet-1-242x300.png 242w\" sizes=\"(max-width: 330px) 100vw, 330px\" \/>\t\t\t\t\t\t\t\t\t\t\t\t\t<\/div>\n\t\t\t\t<\/div>\n\t\t\t\t\t<\/div>\n\t\t<\/div>\n\t\t\t\t\t<\/div>\n\t\t<\/section>\n\t\t\t\t<section class=\"elementor-section elementor-top-section elementor-element elementor-element-3f7df9f elementor-section-full_width elementor-hidden-tablet elementor-section-height-default elementor-section-height-default\" data-id=\"3f7df9f\" data-element_type=\"section\" data-settings=\"{&quot;jet_parallax_layout_list&quot;:[]}\">\n\t\t\t\t\t\t<div class=\"elementor-container elementor-column-gap-default\">\n\t\t\t\t\t<div class=\"elementor-column elementor-col-33 elementor-top-column elementor-element elementor-element-e199ffa\" data-id=\"e199ffa\" data-element_type=\"column\">\n\t\t\t<div class=\"elementor-widget-wrap elementor-element-populated\">\n\t\t\t\t\t\t<div class=\"elementor-element elementor-element-6fd49c4 elementor-widget elementor-widget-heading\" data-id=\"6fd49c4\" data-element_type=\"widget\" data-widget_type=\"heading.default\">\n\t\t\t\t<div class=\"elementor-widget-container\">\n\t\t\t<h2 class=\"elementor-heading-title elementor-size-default\">27 a\u00f1os de promover la cultura y el arte en el Centro Hist\u00f3rico<\/h2>\t\t<\/div>\n\t\t\t\t<\/div>\n\t\t\t\t<section class=\"elementor-section elementor-inner-section elementor-element elementor-element-c971406 elementor-hidden-tablet elementor-hidden-mobile elementor-section-boxed elementor-section-height-default elementor-section-height-default\" data-id=\"c971406\" data-element_type=\"section\" data-settings=\"{&quot;jet_parallax_layout_list&quot;:[]}\">\n\t\t\t\t\t\t<div class=\"elementor-container elementor-column-gap-default\">\n\t\t\t\t\t<div class=\"elementor-column elementor-col-50 elementor-inner-column elementor-element elementor-element-1de8ff3\" data-id=\"1de8ff3\" data-element_type=\"column\">\n\t\t\t<div class=\"elementor-widget-wrap elementor-element-populated\">\n\t\t\t\t\t\t<div class=\"elementor-element elementor-element-b931c6c elementor-align-justify elementor-mobile-align-justify elementor-widget elementor-widget-button\" data-id=\"b931c6c\" data-element_type=\"widget\" data-widget_type=\"button.default\">\n\t\t\t\t<div class=\"elementor-widget-container\">\n\t\t\t\t\t<div class=\"elementor-button-wrapper\">\n\t\t\t<a class=\"elementor-button elementor-button-link elementor-size-sm\" href=\"https:\/\/festivaldelcentrohistorico.com\/27fch\/wp-content\/uploads\/2024\/10\/Agenda-de-Actividades-27-FCH.pdf\" target=\"_blank\">\n\t\t\t\t\t\t<span class=\"elementor-button-content-wrapper\">\n\t\t\t\t\t\t\t\t\t<span class=\"elementor-button-text\">AGENDA<\/span>\n\t\t\t\t\t<\/span>\n\t\t\t\t\t<\/a>\n\t\t<\/div>\n\t\t\t\t<\/div>\n\t\t\t\t<\/div>\n\t\t\t\t\t<\/div>\n\t\t<\/div>\n\t\t\t\t<div class=\"elementor-column elementor-col-50 elementor-inner-column elementor-element elementor-element-ed5bd69\" data-id=\"ed5bd69\" data-element_type=\"column\">\n\t\t\t<div class=\"elementor-widget-wrap elementor-element-populated\">\n\t\t\t\t\t\t<div class=\"elementor-element elementor-element-e6221ad elementor-align-justify elementor-mobile-align-justify elementor-widget elementor-widget-button\" data-id=\"e6221ad\" data-element_type=\"widget\" data-widget_type=\"button.default\">\n\t\t\t\t<div class=\"elementor-widget-container\">\n\t\t\t\t\t<div class=\"elementor-button-wrapper\">\n\t\t\t<a class=\"elementor-button elementor-button-link elementor-size-sm\" href=\"https:\/\/festivaldelcentrohistorico.com\/27fch\/wp-content\/uploads\/2024\/09\/27FCH-Actividades-de-Temporada.pdf\" target=\"_blank\">\n\t\t\t\t\t\t<span class=\"elementor-button-content-wrapper\">\n\t\t\t\t\t\t\t\t\t<span class=\"elementor-button-text\">DE TEMPORADA<\/span>\n\t\t\t\t\t<\/span>\n\t\t\t\t\t<\/a>\n\t\t<\/div>\n\t\t\t\t<\/div>\n\t\t\t\t<\/div>\n\t\t\t\t\t<\/div>\n\t\t<\/div>\n\t\t\t\t\t<\/div>\n\t\t<\/section>\n\t\t\t\t\t<\/div>\n\t\t<\/div>\n\t\t\t\t<div class=\"elementor-column elementor-col-33 elementor-top-column elementor-element elementor-element-633eb2d\" data-id=\"633eb2d\" data-element_type=\"column\">\n\t\t\t<div class=\"elementor-widget-wrap elementor-element-populated\">\n\t\t\t\t\t\t<div class=\"elementor-element elementor-element-c1e3903 elementor-widget__width-initial elementor-widget elementor-widget-text-editor\" data-id=\"c1e3903\" data-element_type=\"widget\" data-widget_type=\"text-editor.default\">\n\t\t\t\t<div class=\"elementor-widget-container\">\n\t\t\t\t\t\t\t<p>El centro de la Ciudad de Guatemala estar\u00e1 de fiesta del 3 al 12 de octubre del 2024, cuando se celebre el tan esperado 27\u00b0 Festival del Centro Hist\u00f3rico, uno de los eventos culturales y art\u00edsticos de mayor relevancia de nuestro pa\u00eds.<\/p>\n<p>Una vez m\u00e1s, este sector de la capital, declarado en 1998 Patrimonio Cultural de la Naci\u00f3n, ser\u00e1 la sede de m\u00e1s de un centenar de actividades en las que tendremos la posibilidad de presenciar lo mejor de las bellas artes y de nuestra tradici\u00f3n cultural. Asimismo, podremos redescubrir nuestro hermoso Centro Hist\u00f3rico.<\/p><p>Por ello, esta edici\u00f3n del aclamado Festival est\u00e1 acompa\u00f1ado del eslogan \u201cExpl\u00f3ralo, disfr\u00fatalo, v\u00edvelo\u201d, ya que precisamente eso lo que deseamos para todos: que exploren las maravillas arquitect\u00f3nicas expresadas en inmuebles neocl\u00e1sicos o edificios art d\u00e9co, a la vez que disfrutan con presentaciones de canto, m\u00fasica, danza o literatura; exposiciones, eventos infantiles, talleres y foros acad\u00e9micos, y as\u00ed puedan vivir experiencias \u00fanicas e inolvidables.<\/p><p>Aprovechemos estos 10 d\u00edas para conectarnos de lleno con la cultura y el arte, y as\u00ed contribuir con la revitalizaci\u00f3n y preservaci\u00f3n del Centro Hist\u00f3rico, \u00a1el coraz\u00f3n de nuestra ciudad!<\/p>\t\t\t\t\t\t<\/div>\n\t\t\t\t<\/div>\n\t\t\t\t<section class=\"elementor-section elementor-inner-section elementor-element elementor-element-07e135b elementor-hidden-desktop elementor-hidden-tablet elementor-section-boxed elementor-section-height-default elementor-section-height-default\" data-id=\"07e135b\" data-element_type=\"section\" data-settings=\"{&quot;jet_parallax_layout_list&quot;:[]}\">\n\t\t\t\t\t\t<div class=\"elementor-container elementor-column-gap-default\">\n\t\t\t\t\t<div class=\"elementor-column elementor-col-50 elementor-inner-column elementor-element elementor-element-2b9ebb9\" data-id=\"2b9ebb9\" data-element_type=\"column\">\n\t\t\t<div class=\"elementor-widget-wrap elementor-element-populated\">\n\t\t\t\t\t\t<div class=\"elementor-element elementor-element-b98b772 elementor-mobile-align-center elementor-widget elementor-widget-button\" data-id=\"b98b772\" data-element_type=\"widget\" data-widget_type=\"button.default\">\n\t\t\t\t<div class=\"elementor-widget-container\">\n\t\t\t\t\t<div class=\"elementor-button-wrapper\">\n\t\t\t<a class=\"elementor-button elementor-button-link elementor-size-sm\" href=\"https:\/\/festivaldelcentrohistorico.com\/27fch\/wp-content\/uploads\/2024\/10\/Agenda-de-Actividades-27-FCH.pdf\" target=\"_blank\">\n\t\t\t\t\t\t<span class=\"elementor-button-content-wrapper\">\n\t\t\t\t\t\t\t\t\t<span class=\"elementor-button-text\">AGENDA<\/span>\n\t\t\t\t\t<\/span>\n\t\t\t\t\t<\/a>\n\t\t<\/div>\n\t\t\t\t<\/div>\n\t\t\t\t<\/div>\n\t\t\t\t\t<\/div>\n\t\t<\/div>\n\t\t\t\t<div class=\"elementor-column elementor-col-50 elementor-inner-column elementor-element elementor-element-5f669f9\" data-id=\"5f669f9\" data-element_type=\"column\">\n\t\t\t<div class=\"elementor-widget-wrap elementor-element-populated\">\n\t\t\t\t\t\t<div class=\"elementor-element elementor-element-6a5a891 elementor-mobile-align-center elementor-widget elementor-widget-button\" data-id=\"6a5a891\" data-element_type=\"widget\" data-widget_type=\"button.default\">\n\t\t\t\t<div class=\"elementor-widget-container\">\n\t\t\t\t\t<div class=\"elementor-button-wrapper\">\n\t\t\t<a class=\"elementor-button elementor-button-link elementor-size-sm\" href=\"https:\/\/festivaldelcentrohistorico.com\/27fch\/wp-content\/uploads\/2024\/09\/27FCH-Actividades-de-Temporada.pdf\" target=\"_blank\">\n\t\t\t\t\t\t<span class=\"elementor-button-content-wrapper\">\n\t\t\t\t\t\t\t\t\t<span class=\"elementor-button-text\">DE TEMPORADA<\/span>\n\t\t\t\t\t<\/span>\n\t\t\t\t\t<\/a>\n\t\t<\/div>\n\t\t\t\t<\/div>\n\t\t\t\t<\/div>\n\t\t\t\t\t<\/div>\n\t\t<\/div>\n\t\t\t\t\t<\/div>\n\t\t<\/section>\n\t\t\t\t\t<\/div>\n\t\t<\/div>\n\t\t\t\t<div class=\"elementor-column elementor-col-33 elementor-top-column elementor-element elementor-element-6a5a32f\" data-id=\"6a5a32f\" data-element_type=\"column\" data-settings=\"{&quot;background_background&quot;:&quot;classic&quot;}\">\n\t\t\t<div class=\"elementor-widget-wrap elementor-element-populated\">\n\t\t\t\t\t\t<div class=\"elementor-element elementor-element-0db6452 elementor-widget elementor-widget-image\" data-id=\"0db6452\" data-element_type=\"widget\" data-widget_type=\"image.default\">\n\t\t\t\t<div class=\"elementor-widget-container\">\n\t\t\t\t\t\t\t\t\t\t\t\t\t<img decoding=\"async\" src=\"https:\/\/festivaldelcentrohistorico.com\/27fch\/assets\/cuentacuentos.gif\" title=\"\" alt=\"\" loading=\"lazy\" \/>\t\t\t\t\t\t\t\t\t\t\t\t\t<\/div>\n\t\t\t\t<\/div>\n\t\t\t\t<div class=\"elementor-element elementor-element-6b1f4c2 elementor-widget__width-initial elementor-absolute elementor-widget elementor-widget-text-editor\" data-id=\"6b1f4c2\" data-element_type=\"widget\" data-settings=\"{&quot;_position&quot;:&quot;absolute&quot;}\" data-widget_type=\"text-editor.default\">\n\t\t\t\t<div class=\"elementor-widget-container\">\n\t\t\t\t\t\t\t<p><strong>Carlos Wolters<\/strong> <br \/>Cuentacuentos <br \/>Proyecto Colibr\u00ed <\/p>\t\t\t\t\t\t<\/div>\n\t\t\t\t<\/div>\n\t\t\t\t\t<\/div>\n\t\t<\/div>\n\t\t\t\t\t<\/div>\n\t\t<\/section>\n\t\t\t\t<section class=\"elementor-section elementor-top-section elementor-element elementor-element-92e0bf7 elementor-section-boxed elementor-section-height-default elementor-section-height-default\" data-id=\"92e0bf7\" data-element_type=\"section\" data-settings=\"{&quot;jet_parallax_layout_list&quot;:[]}\">\n\t\t\t\t\t\t<div class=\"elementor-container elementor-column-gap-default\">\n\t\t\t\t\t<div class=\"elementor-column elementor-col-100 elementor-top-column elementor-element elementor-element-6437ed6\" data-id=\"6437ed6\" data-element_type=\"column\">\n\t\t\t<div class=\"elementor-widget-wrap\">\n\t\t\t\t\t\t\t<\/div>\n\t\t<\/div>\n\t\t\t\t\t<\/div>\n\t\t<\/section>\n\t\t\t\t<\/div>\n\t\t","protected":false},"excerpt":{"rendered":"<p>27 a\u00f1os de promover la cultura y el arte en el Centro Hist\u00f3rico El centro de la Ciudad de Guatemala estar\u00e1 de fiesta del 3 al 12 de octubre del 2024, cuando se celebre el tan esperado 27\u00b0 Festival del Centro Hist\u00f3rico, uno de los eventos culturales y art\u00edsticos de mayor relevancia de nuestro pa\u00eds. [&hellip;]<\/p>\n","protected":false},"author":1,"featured_media":0,"parent":0,"menu_order":0,"comment_status":"closed","ping_status":"closed","template":"","meta":{"_monsterinsights_skip_tracking":false,"_monsterinsights_sitenote_active":false,"_monsterinsights_sitenote_note":"","_monsterinsights_sitenote_category":0,"_uf_show_specific_survey":0,"_uf_disable_surveys":false,"footnotes":""},"class_list":["post-156","page","type-page","status-publish","hentry"],"_links":{"self":[{"href":"https:\/\/festivaldelcentrohistorico.com\/27fch\/wp-json\/wp\/v2\/pages\/156","targetHints":{"allow":["GET"]}}],"collection":[{"href":"https:\/\/festivaldelcentrohistorico.com\/27fch\/wp-json\/wp\/v2\/pages"}],"about":[{"href":"https:\/\/festivaldelcentrohistorico.com\/27fch\/wp-json\/wp\/v2\/types\/page"}],"author":[{"embeddable":true,"href":"https:\/\/festivaldelcentrohistorico.com\/27fch\/wp-json\/wp\/v2\/users\/1"}],"replies":[{"embeddable":true,"href":"https:\/\/festivaldelcentrohistorico.com\/27fch\/wp-json\/wp\/v2\/comments?post=156"}],"version-history":[{"count":139,"href":"https:\/\/festivaldelcentrohistorico.com\/27fch\/wp-json\/wp\/v2\/pages\/156\/revisions"}],"predecessor-version":[{"id":1435,"href":"https:\/\/festivaldelcentrohistorico.com\/27fch\/wp-json\/wp\/v2\/pages\/156\/revisions\/1435"}],"wp:attachment":[{"href":"https:\/\/festivaldelcentrohistorico.com\/27fch\/wp-json\/wp\/v2\/media?parent=156"}],"curies":[{"name":"wp","href":"https:\/\/api.w.org\/{rel}","templated":true}]}}