{"id":85,"date":"2023-09-22T14:25:55","date_gmt":"2023-09-22T20:25:55","guid":{"rendered":"https:\/\/festivaldelcentrohistorico.com\/26fch\/?page_id=85"},"modified":"2023-10-09T23:20:37","modified_gmt":"2023-10-10T05:20:37","slug":"inicio","status":"publish","type":"page","link":"https:\/\/festivaldelcentrohistorico.com\/26fch\/","title":{"rendered":"Inicio"},"content":{"rendered":"\t\t<div data-elementor-type=\"wp-page\" data-elementor-id=\"85\" class=\"elementor elementor-85\" data-elementor-post-type=\"page\">\n\t\t\t\t\t\t\t\t\t<section class=\"elementor-section elementor-top-section elementor-element elementor-element-1c2608c elementor-section-full_width elementor-section-height-full elementor-section-content-middle elementor-section-height-default elementor-section-items-middle\" data-id=\"1c2608c\" data-element_type=\"section\" data-settings=\"{&quot;jet_parallax_layout_list&quot;:[]}\">\n\t\t\t\t\t\t<div class=\"elementor-container elementor-column-gap-default\">\n\t\t\t\t\t<div class=\"elementor-column elementor-col-25 elementor-top-column elementor-element elementor-element-0d1e7b7\" data-id=\"0d1e7b7\" data-element_type=\"column\">\n\t\t\t<div class=\"elementor-widget-wrap\">\n\t\t\t\t\t\t\t\t\t<\/div>\n\t\t<\/div>\n\t\t\t\t<div class=\"elementor-column elementor-col-50 elementor-top-column elementor-element elementor-element-74da705\" data-id=\"74da705\" data-element_type=\"column\">\n\t\t\t<div class=\"elementor-widget-wrap elementor-element-populated\">\n\t\t\t\t\t\t\t\t<div class=\"elementor-element elementor-element-271447f elementor-hidden-desktop elementor-hidden-tablet elementor-widget elementor-widget-image\" data-id=\"271447f\" data-element_type=\"widget\" data-widget_type=\"image.default\">\n\t\t\t\t<div class=\"elementor-widget-container\">\n\t\t\t<style>\/*! elementor - v3.16.0 - 20-09-2023 *\/\n.elementor-widget-image{text-align:center}.elementor-widget-image a{display:inline-block}.elementor-widget-image a img[src$=\".svg\"]{width:48px}.elementor-widget-image img{vertical-align:middle;display:inline-block}<\/style>\t\t\t\t\t\t\t\t\t\t\t\t<img loading=\"lazy\" decoding=\"async\" width=\"770\" height=\"1024\" src=\"https:\/\/festivaldelcentrohistorico.com\/26fch\/wp-content\/uploads\/2023\/09\/Logo_13-770x1024.png\" class=\"attachment-large size-large wp-image-113\" alt=\"\" srcset=\"https:\/\/festivaldelcentrohistorico.com\/26fch\/wp-content\/uploads\/2023\/09\/Logo_13-770x1024.png 770w, https:\/\/festivaldelcentrohistorico.com\/26fch\/wp-content\/uploads\/2023\/09\/Logo_13-226x300.png 226w, https:\/\/festivaldelcentrohistorico.com\/26fch\/wp-content\/uploads\/2023\/09\/Logo_13-768x1022.png 768w, https:\/\/festivaldelcentrohistorico.com\/26fch\/wp-content\/uploads\/2023\/09\/Logo_13.png 851w\" sizes=\"auto, (max-width: 770px) 100vw, 770px\" \/>\t\t\t\t\t\t\t\t\t\t\t\t\t\t\t<\/div>\n\t\t\t\t<\/div>\n\t\t\t\t<div class=\"elementor-element elementor-element-e201206 elementor-hidden-mobile elementor-widget elementor-widget-image\" data-id=\"e201206\" data-element_type=\"widget\" data-widget_type=\"image.default\">\n\t\t\t\t<div class=\"elementor-widget-container\">\n\t\t\t\t\t\t\t\t\t\t\t\t\t\t\t<img loading=\"lazy\" decoding=\"async\" width=\"800\" height=\"290\" src=\"https:\/\/festivaldelcentrohistorico.com\/26fch\/wp-content\/uploads\/2023\/09\/Logo_2-1024x371.png\" class=\"attachment-large size-large wp-image-88\" alt=\"\" srcset=\"https:\/\/festivaldelcentrohistorico.com\/26fch\/wp-content\/uploads\/2023\/09\/Logo_2-1024x371.png 1024w, https:\/\/festivaldelcentrohistorico.com\/26fch\/wp-content\/uploads\/2023\/09\/Logo_2-300x109.png 300w, https:\/\/festivaldelcentrohistorico.com\/26fch\/wp-content\/uploads\/2023\/09\/Logo_2-768x278.png 768w, https:\/\/festivaldelcentrohistorico.com\/26fch\/wp-content\/uploads\/2023\/09\/Logo_2.png 1081w\" sizes=\"auto, (max-width: 800px) 100vw, 800px\" \/>\t\t\t\t\t\t\t\t\t\t\t\t\t\t\t<\/div>\n\t\t\t\t<\/div>\n\t\t\t\t<div class=\"elementor-element elementor-element-55824a4 elementor-widget elementor-widget-text-editor\" data-id=\"55824a4\" data-element_type=\"widget\" data-widget_type=\"text-editor.default\">\n\t\t\t\t<div class=\"elementor-widget-container\">\n\t\t\t<style>\/*! elementor - v3.16.0 - 20-09-2023 *\/\n.elementor-widget-text-editor.elementor-drop-cap-view-stacked .elementor-drop-cap{background-color:#69727d;color:#fff}.elementor-widget-text-editor.elementor-drop-cap-view-framed .elementor-drop-cap{color:#69727d;border:3px solid;background-color:transparent}.elementor-widget-text-editor:not(.elementor-drop-cap-view-default) .elementor-drop-cap{margin-top:8px}.elementor-widget-text-editor:not(.elementor-drop-cap-view-default) .elementor-drop-cap-letter{width:1em;height:1em}.elementor-widget-text-editor .elementor-drop-cap{float:left;text-align:center;line-height:1;font-size:50px}.elementor-widget-text-editor .elementor-drop-cap-letter{display:inline-block}<\/style>\t\t\t\t<p>Presentamos la 26\u00aa edici\u00f3n del Festival del Centro Hist\u00f3rico, el cual se llevar\u00e1 a cabo del 5 al 14 de octubre del 2023 con el lema \u201c\u00a1Tan cerca, tan nuestro!\u201d.<\/p><p>Adem\u00e1s, se conmemoran 25 a\u00f1os desde que el Centro Hist\u00f3rico de la Ciudad de Guatemala se declar\u00f3 Patrimonio Cultural de la Naci\u00f3n, por lo cual exaltamos este sector por ser el lugar donde se origin\u00f3 la Nueva Guatemala de la Asunci\u00f3n, as\u00ed como por ser punto de encuentro para la cultura, el arte y el patrimonio.<br \/><br \/><br \/>En esta ocasi\u00f3n, el 26 Festival del Centro Hist\u00f3rico (26FCH) tendr\u00e1 alrededor de 100 actividades que se realizar\u00e1n en diversos sitios emblem\u00e1ticos.<\/p>\t\t\t\t\t\t<\/div>\n\t\t\t\t<\/div>\n\t\t\t\t<section class=\"elementor-section elementor-inner-section elementor-element elementor-element-c37a87c elementor-section-boxed elementor-section-height-default elementor-section-height-default\" data-id=\"c37a87c\" data-element_type=\"section\" data-settings=\"{&quot;jet_parallax_layout_list&quot;:[]}\">\n\t\t\t\t\t\t<div class=\"elementor-container elementor-column-gap-default\">\n\t\t\t\t\t<div class=\"elementor-column elementor-col-33 elementor-inner-column elementor-element elementor-element-b0b9ad0\" data-id=\"b0b9ad0\" data-element_type=\"column\">\n\t\t\t<div class=\"elementor-widget-wrap elementor-element-populated\">\n\t\t\t\t\t\t\t\t<div class=\"elementor-element elementor-element-6305559 elementor-align-justify elementor-mobile-align-justify elementor-widget elementor-widget-button\" data-id=\"6305559\" data-element_type=\"widget\" data-widget_type=\"button.default\">\n\t\t\t\t<div class=\"elementor-widget-container\">\n\t\t\t\t\t<div class=\"elementor-button-wrapper\">\n\t\t\t<a class=\"elementor-button elementor-button-link elementor-size-lg\" href=\"https:\/\/festivaldelcentrohistorico.com\/26fch\/wp-content\/uploads\/2023\/09\/FCH-Programa-General-de-Actividades-V03.pdf\" target=\"_blank\">\n\t\t\t\t\t\t<span class=\"elementor-button-content-wrapper\">\n\t\t\t\t\t\t<span class=\"elementor-button-text\">Agenda 26 FCH<\/span>\n\t\t<\/span>\n\t\t\t\t\t<\/a>\n\t\t<\/div>\n\t\t\t\t<\/div>\n\t\t\t\t<\/div>\n\t\t\t\t\t<\/div>\n\t\t<\/div>\n\t\t\t\t<div class=\"elementor-column elementor-col-33 elementor-inner-column elementor-element elementor-element-faca949\" data-id=\"faca949\" data-element_type=\"column\">\n\t\t\t<div class=\"elementor-widget-wrap elementor-element-populated\">\n\t\t\t\t\t\t\t\t<div class=\"elementor-element elementor-element-c2e7d79 elementor-align-justify elementor-widget elementor-widget-button\" data-id=\"c2e7d79\" data-element_type=\"widget\" data-widget_type=\"button.default\">\n\t\t\t\t<div class=\"elementor-widget-container\">\n\t\t\t\t\t<div class=\"elementor-button-wrapper\">\n\t\t\t<a class=\"elementor-button elementor-button-link elementor-size-lg\" href=\"https:\/\/festivaldelcentrohistorico.com\/26fch\/wp-content\/uploads\/2023\/09\/FCH-Actividades-de-Temporada.pdf\">\n\t\t\t\t\t\t<span class=\"elementor-button-content-wrapper\">\n\t\t\t\t\t\t<span class=\"elementor-button-text\">Actividades de Temporada<\/span>\n\t\t<\/span>\n\t\t\t\t\t<\/a>\n\t\t<\/div>\n\t\t\t\t<\/div>\n\t\t\t\t<\/div>\n\t\t\t\t\t<\/div>\n\t\t<\/div>\n\t\t\t\t<div class=\"elementor-column elementor-col-33 elementor-inner-column elementor-element elementor-element-4a0f291\" data-id=\"4a0f291\" data-element_type=\"column\">\n\t\t\t<div class=\"elementor-widget-wrap elementor-element-populated\">\n\t\t\t\t\t\t\t\t<div class=\"elementor-element elementor-element-3a425df elementor-align-justify elementor-mobile-align-justify elementor-widget elementor-widget-button\" data-id=\"3a425df\" data-element_type=\"widget\" data-widget_type=\"button.default\">\n\t\t\t\t<div class=\"elementor-widget-container\">\n\t\t\t\t\t<div class=\"elementor-button-wrapper\">\n\t\t\t<a class=\"elementor-button elementor-button-link elementor-size-lg\" href=\"https:\/\/festivaldelcentrohistorico.com\/26fch\/wp-content\/uploads\/2023\/09\/FCH-Comunicado-de-Prensa-V04.pdf\">\n\t\t\t\t\t\t<span class=\"elementor-button-content-wrapper\">\n\t\t\t\t\t\t<span class=\"elementor-button-text\">Comunicado de Prensa<\/span>\n\t\t<\/span>\n\t\t\t\t\t<\/a>\n\t\t<\/div>\n\t\t\t\t<\/div>\n\t\t\t\t<\/div>\n\t\t\t\t\t<\/div>\n\t\t<\/div>\n\t\t\t\t\t\t\t<\/div>\n\t\t<\/section>\n\t\t\t\t<div class=\"elementor-element elementor-element-24351f5 elementor-widget elementor-widget-spacer\" data-id=\"24351f5\" data-element_type=\"widget\" data-widget_type=\"spacer.default\">\n\t\t\t\t<div class=\"elementor-widget-container\">\n\t\t\t<style>\/*! elementor - v3.16.0 - 20-09-2023 *\/\n.elementor-column .elementor-spacer-inner{height:var(--spacer-size)}.e-con{--container-widget-width:100%}.e-con-inner>.elementor-widget-spacer,.e-con>.elementor-widget-spacer{width:var(--container-widget-width,var(--spacer-size));--align-self:var(--container-widget-align-self,initial);--flex-shrink:0}.e-con-inner>.elementor-widget-spacer>.elementor-widget-container,.e-con>.elementor-widget-spacer>.elementor-widget-container{height:100%;width:100%}.e-con-inner>.elementor-widget-spacer>.elementor-widget-container>.elementor-spacer,.e-con>.elementor-widget-spacer>.elementor-widget-container>.elementor-spacer{height:100%}.e-con-inner>.elementor-widget-spacer>.elementor-widget-container>.elementor-spacer>.elementor-spacer-inner,.e-con>.elementor-widget-spacer>.elementor-widget-container>.elementor-spacer>.elementor-spacer-inner{height:var(--container-widget-height,var(--spacer-size))}.e-con-inner>.elementor-widget-spacer.elementor-widget-empty,.e-con>.elementor-widget-spacer.elementor-widget-empty{position:relative;min-height:22px;min-width:22px}.e-con-inner>.elementor-widget-spacer.elementor-widget-empty .elementor-widget-empty-icon,.e-con>.elementor-widget-spacer.elementor-widget-empty .elementor-widget-empty-icon{position:absolute;top:0;bottom:0;left:0;right:0;margin:auto;padding:0;width:22px;height:22px}<\/style>\t\t<div class=\"elementor-spacer\">\n\t\t\t<div class=\"elementor-spacer-inner\"><\/div>\n\t\t<\/div>\n\t\t\t\t<\/div>\n\t\t\t\t<\/div>\n\t\t\t\t<section class=\"elementor-section elementor-inner-section elementor-element elementor-element-449feaf elementor-section-boxed elementor-section-height-default elementor-section-height-default\" data-id=\"449feaf\" data-element_type=\"section\" data-settings=\"{&quot;jet_parallax_layout_list&quot;:[]}\">\n\t\t\t\t\t\t<div class=\"elementor-container elementor-column-gap-default\">\n\t\t\t\t\t<div class=\"elementor-column elementor-col-20 elementor-inner-column elementor-element elementor-element-51aedf2\" data-id=\"51aedf2\" data-element_type=\"column\">\n\t\t\t<div class=\"elementor-widget-wrap elementor-element-populated\">\n\t\t\t\t\t\t\t\t<div class=\"elementor-element elementor-element-f8e500b elementor-widget elementor-widget-image\" data-id=\"f8e500b\" data-element_type=\"widget\" data-widget_type=\"image.default\">\n\t\t\t\t<div class=\"elementor-widget-container\">\n\t\t\t\t\t\t\t\t\t\t\t\t\t\t\t\t<a href=\"https:\/\/mcd.gob.gt\" target=\"_blank\">\n\t\t\t\t\t\t\t<img loading=\"lazy\" decoding=\"async\" width=\"800\" height=\"204\" src=\"https:\/\/festivaldelcentrohistorico.com\/26fch\/wp-content\/uploads\/2023\/09\/F6E3425737B62B12-1024x261.png\" class=\"attachment-large size-large wp-image-264\" alt=\"\" srcset=\"https:\/\/festivaldelcentrohistorico.com\/26fch\/wp-content\/uploads\/2023\/09\/F6E3425737B62B12-1024x261.png 1024w, https:\/\/festivaldelcentrohistorico.com\/26fch\/wp-content\/uploads\/2023\/09\/F6E3425737B62B12-300x77.png 300w, https:\/\/festivaldelcentrohistorico.com\/26fch\/wp-content\/uploads\/2023\/09\/F6E3425737B62B12-768x196.png 768w, https:\/\/festivaldelcentrohistorico.com\/26fch\/wp-content\/uploads\/2023\/09\/F6E3425737B62B12-1536x392.png 1536w, https:\/\/festivaldelcentrohistorico.com\/26fch\/wp-content\/uploads\/2023\/09\/F6E3425737B62B12-2048x523.png 2048w\" sizes=\"auto, (max-width: 800px) 100vw, 800px\" \/>\t\t\t\t\t\t\t\t<\/a>\n\t\t\t\t\t\t\t\t\t\t\t\t\t\t\t<\/div>\n\t\t\t\t<\/div>\n\t\t\t\t\t<\/div>\n\t\t<\/div>\n\t\t\t\t<div class=\"elementor-column elementor-col-20 elementor-inner-column elementor-element elementor-element-2009402\" data-id=\"2009402\" data-element_type=\"column\">\n\t\t\t<div class=\"elementor-widget-wrap elementor-element-populated\">\n\t\t\t\t\t\t\t\t<div class=\"elementor-element elementor-element-86986f6 elementor-widget__width-initial elementor-widget elementor-widget-image\" data-id=\"86986f6\" data-element_type=\"widget\" data-widget_type=\"image.default\">\n\t\t\t\t<div class=\"elementor-widget-container\">\n\t\t\t\t\t\t\t\t\t\t\t\t\t\t\t\t<a href=\"https:\/\/www.muniguate.com\" target=\"_blank\">\n\t\t\t\t\t\t\t<img loading=\"lazy\" decoding=\"async\" width=\"205\" height=\"205\" src=\"https:\/\/festivaldelcentrohistorico.com\/26fch\/wp-content\/uploads\/2023\/09\/Muni.png\" class=\"attachment-large size-large wp-image-321\" alt=\"\" srcset=\"https:\/\/festivaldelcentrohistorico.com\/26fch\/wp-content\/uploads\/2023\/09\/Muni.png 205w, https:\/\/festivaldelcentrohistorico.com\/26fch\/wp-content\/uploads\/2023\/09\/Muni-150x150.png 150w\" sizes=\"auto, (max-width: 205px) 100vw, 205px\" \/>\t\t\t\t\t\t\t\t<\/a>\n\t\t\t\t\t\t\t\t\t\t\t\t\t\t\t<\/div>\n\t\t\t\t<\/div>\n\t\t\t\t\t<\/div>\n\t\t<\/div>\n\t\t\t\t<div class=\"elementor-column elementor-col-20 elementor-inner-column elementor-element elementor-element-fe30dc8\" data-id=\"fe30dc8\" data-element_type=\"column\">\n\t\t\t<div class=\"elementor-widget-wrap elementor-element-populated\">\n\t\t\t\t\t\t\t\t<div class=\"elementor-element elementor-element-3cbf828 elementor-widget__width-initial elementor-widget elementor-widget-image\" data-id=\"3cbf828\" data-element_type=\"widget\" data-widget_type=\"image.default\">\n\t\t\t\t<div class=\"elementor-widget-container\">\n\t\t\t\t\t\t\t\t\t\t\t\t\t\t\t\t<a href=\"https:\/\/www.usac.edu.gt\" target=\"_blank\">\n\t\t\t\t\t\t\t<img loading=\"lazy\" decoding=\"async\" width=\"800\" height=\"252\" src=\"https:\/\/festivaldelcentrohistorico.com\/26fch\/wp-content\/uploads\/2023\/09\/F6E3425737B62B16-1024x322.png\" class=\"attachment-large size-large wp-image-265\" alt=\"\" srcset=\"https:\/\/festivaldelcentrohistorico.com\/26fch\/wp-content\/uploads\/2023\/09\/F6E3425737B62B16-1024x322.png 1024w, https:\/\/festivaldelcentrohistorico.com\/26fch\/wp-content\/uploads\/2023\/09\/F6E3425737B62B16-300x94.png 300w, https:\/\/festivaldelcentrohistorico.com\/26fch\/wp-content\/uploads\/2023\/09\/F6E3425737B62B16-768x241.png 768w, https:\/\/festivaldelcentrohistorico.com\/26fch\/wp-content\/uploads\/2023\/09\/F6E3425737B62B16-1536x482.png 1536w, https:\/\/festivaldelcentrohistorico.com\/26fch\/wp-content\/uploads\/2023\/09\/F6E3425737B62B16-2048x643.png 2048w\" sizes=\"auto, (max-width: 800px) 100vw, 800px\" \/>\t\t\t\t\t\t\t\t<\/a>\n\t\t\t\t\t\t\t\t\t\t\t\t\t\t\t<\/div>\n\t\t\t\t<\/div>\n\t\t\t\t\t<\/div>\n\t\t<\/div>\n\t\t\t\t<div class=\"elementor-column elementor-col-20 elementor-inner-column elementor-element elementor-element-cb19554\" data-id=\"cb19554\" data-element_type=\"column\">\n\t\t\t<div class=\"elementor-widget-wrap elementor-element-populated\">\n\t\t\t\t\t\t\t\t<div class=\"elementor-element elementor-element-d0818d4 elementor-widget elementor-widget-image\" data-id=\"d0818d4\" data-element_type=\"widget\" data-widget_type=\"image.default\">\n\t\t\t\t<div class=\"elementor-widget-container\">\n\t\t\t\t\t\t\t\t\t\t\t\t\t\t\t\t<a href=\"https:\/\/inguat.gob.gt\" target=\"_blank\">\n\t\t\t\t\t\t\t<img loading=\"lazy\" decoding=\"async\" width=\"800\" height=\"345\" src=\"https:\/\/festivaldelcentrohistorico.com\/26fch\/wp-content\/uploads\/2023\/09\/F6E3425737B62B75-1024x441.png\" class=\"attachment-large size-large wp-image-267\" alt=\"\" srcset=\"https:\/\/festivaldelcentrohistorico.com\/26fch\/wp-content\/uploads\/2023\/09\/F6E3425737B62B75-1024x441.png 1024w, https:\/\/festivaldelcentrohistorico.com\/26fch\/wp-content\/uploads\/2023\/09\/F6E3425737B62B75-300x129.png 300w, https:\/\/festivaldelcentrohistorico.com\/26fch\/wp-content\/uploads\/2023\/09\/F6E3425737B62B75-768x330.png 768w, https:\/\/festivaldelcentrohistorico.com\/26fch\/wp-content\/uploads\/2023\/09\/F6E3425737B62B75-1536x661.png 1536w, https:\/\/festivaldelcentrohistorico.com\/26fch\/wp-content\/uploads\/2023\/09\/F6E3425737B62B75-2048x881.png 2048w\" sizes=\"auto, (max-width: 800px) 100vw, 800px\" \/>\t\t\t\t\t\t\t\t<\/a>\n\t\t\t\t\t\t\t\t\t\t\t\t\t\t\t<\/div>\n\t\t\t\t<\/div>\n\t\t\t\t\t<\/div>\n\t\t<\/div>\n\t\t\t\t<div class=\"elementor-column elementor-col-20 elementor-inner-column elementor-element elementor-element-1478d30\" data-id=\"1478d30\" data-element_type=\"column\">\n\t\t\t<div class=\"elementor-widget-wrap elementor-element-populated\">\n\t\t\t\t\t\t\t\t<div class=\"elementor-element elementor-element-7753a85 elementor-widget elementor-widget-image\" data-id=\"7753a85\" data-element_type=\"widget\" data-widget_type=\"image.default\">\n\t\t\t\t<div class=\"elementor-widget-container\">\n\t\t\t\t\t\t\t\t\t\t\t\t\t\t\t\t<a href=\"https:\/\/cerveceriacentroamericana.com\/conoce\/\" target=\"_blank\">\n\t\t\t\t\t\t\t<img loading=\"lazy\" decoding=\"async\" width=\"800\" height=\"289\" src=\"https:\/\/festivaldelcentrohistorico.com\/26fch\/wp-content\/uploads\/2023\/09\/F6E3425737B62B35-1024x370.png\" class=\"attachment-large size-large wp-image-266\" alt=\"\" srcset=\"https:\/\/festivaldelcentrohistorico.com\/26fch\/wp-content\/uploads\/2023\/09\/F6E3425737B62B35-1024x370.png 1024w, https:\/\/festivaldelcentrohistorico.com\/26fch\/wp-content\/uploads\/2023\/09\/F6E3425737B62B35-300x108.png 300w, https:\/\/festivaldelcentrohistorico.com\/26fch\/wp-content\/uploads\/2023\/09\/F6E3425737B62B35-768x278.png 768w, https:\/\/festivaldelcentrohistorico.com\/26fch\/wp-content\/uploads\/2023\/09\/F6E3425737B62B35-1536x555.png 1536w, https:\/\/festivaldelcentrohistorico.com\/26fch\/wp-content\/uploads\/2023\/09\/F6E3425737B62B35-2048x740.png 2048w\" sizes=\"auto, (max-width: 800px) 100vw, 800px\" \/>\t\t\t\t\t\t\t\t<\/a>\n\t\t\t\t\t\t\t\t\t\t\t\t\t\t\t<\/div>\n\t\t\t\t<\/div>\n\t\t\t\t\t<\/div>\n\t\t<\/div>\n\t\t\t\t\t\t\t<\/div>\n\t\t<\/section>\n\t\t\t\t\t<\/div>\n\t\t<\/div>\n\t\t\t\t<div class=\"elementor-column elementor-col-25 elementor-top-column elementor-element elementor-element-0ae31ba\" data-id=\"0ae31ba\" data-element_type=\"column\">\n\t\t\t<div class=\"elementor-widget-wrap\">\n\t\t\t\t\t\t\t\t\t<\/div>\n\t\t<\/div>\n\t\t\t\t\t\t\t<\/div>\n\t\t<\/section>\n\t\t\t\t\t\t\t<\/div>\n\t\t","protected":false},"excerpt":{"rendered":"<p>Presentamos la 26\u00aa edici\u00f3n del Festival del Centro Hist\u00f3rico, el cual se llevar\u00e1 a cabo del 5 al 14 de octubre del 2023 con el lema \u201c\u00a1Tan cerca, tan nuestro!\u201d. Adem\u00e1s, se conmemoran 25 a\u00f1os desde que el Centro Hist\u00f3rico de la Ciudad de Guatemala se declar\u00f3 Patrimonio Cultural de la Naci\u00f3n, por lo cual [&hellip;]<\/p>\n","protected":false},"author":1,"featured_media":0,"parent":0,"menu_order":0,"comment_status":"closed","ping_status":"closed","template":"","meta":{"_monsterinsights_skip_tracking":false,"_monsterinsights_sitenote_active":false,"_monsterinsights_sitenote_note":"","_monsterinsights_sitenote_category":0,"footnotes":""},"class_list":["post-85","page","type-page","status-publish","hentry"],"_links":{"self":[{"href":"https:\/\/festivaldelcentrohistorico.com\/26fch\/wp-json\/wp\/v2\/pages\/85","targetHints":{"allow":["GET"]}}],"collection":[{"href":"https:\/\/festivaldelcentrohistorico.com\/26fch\/wp-json\/wp\/v2\/pages"}],"about":[{"href":"https:\/\/festivaldelcentrohistorico.com\/26fch\/wp-json\/wp\/v2\/types\/page"}],"author":[{"embeddable":true,"href":"https:\/\/festivaldelcentrohistorico.com\/26fch\/wp-json\/wp\/v2\/users\/1"}],"replies":[{"embeddable":true,"href":"https:\/\/festivaldelcentrohistorico.com\/26fch\/wp-json\/wp\/v2\/comments?post=85"}],"version-history":[{"count":55,"href":"https:\/\/festivaldelcentrohistorico.com\/26fch\/wp-json\/wp\/v2\/pages\/85\/revisions"}],"predecessor-version":[{"id":568,"href":"https:\/\/festivaldelcentrohistorico.com\/26fch\/wp-json\/wp\/v2\/pages\/85\/revisions\/568"}],"wp:attachment":[{"href":"https:\/\/festivaldelcentrohistorico.com\/26fch\/wp-json\/wp\/v2\/media?parent=85"}],"curies":[{"name":"wp","href":"https:\/\/api.w.org\/{rel}","templated":true}]}}