{"id":156,"date":"2023-09-25T13:16:35","date_gmt":"2023-09-25T19:16:35","guid":{"rendered":"https:\/\/festivaldelcentrohistorico.com\/26fch\/?page_id=156"},"modified":"2023-10-09T22:32:37","modified_gmt":"2023-10-10T04:32:37","slug":"el-festival","status":"publish","type":"page","link":"https:\/\/festivaldelcentrohistorico.com\/26fch\/el-festival\/","title":{"rendered":"El Festival"},"content":{"rendered":"\t\t<div data-elementor-type=\"wp-page\" data-elementor-id=\"156\" class=\"elementor elementor-156\" data-elementor-post-type=\"page\">\n\t\t\t\t\t\t\t\t\t<section class=\"elementor-section elementor-top-section elementor-element elementor-element-56a3bc8 elementor-section-boxed elementor-section-height-default elementor-section-height-default\" data-id=\"56a3bc8\" data-element_type=\"section\" data-settings=\"{&quot;jet_parallax_layout_list&quot;:[]}\">\n\t\t\t\t\t\t<div class=\"elementor-container elementor-column-gap-default\">\n\t\t\t\t\t<div class=\"elementor-column elementor-col-100 elementor-top-column elementor-element elementor-element-54b50ba\" data-id=\"54b50ba\" data-element_type=\"column\">\n\t\t\t<div class=\"elementor-widget-wrap elementor-element-populated\">\n\t\t\t\t\t\t\t\t<section class=\"elementor-section elementor-inner-section elementor-element elementor-element-3a858b7 elementor-section-boxed elementor-section-height-default elementor-section-height-default\" data-id=\"3a858b7\" data-element_type=\"section\" data-settings=\"{&quot;jet_parallax_layout_list&quot;:[]}\">\n\t\t\t\t\t\t<div class=\"elementor-container elementor-column-gap-default\">\n\t\t\t\t\t<div class=\"elementor-column elementor-col-50 elementor-inner-column elementor-element elementor-element-429642d\" data-id=\"429642d\" data-element_type=\"column\">\n\t\t\t<div class=\"elementor-widget-wrap elementor-element-populated\">\n\t\t\t\t\t\t\t\t<div class=\"elementor-element elementor-element-54a2e89 elementor-widget elementor-widget-image\" data-id=\"54a2e89\" data-element_type=\"widget\" data-widget_type=\"image.default\">\n\t\t\t\t<div class=\"elementor-widget-container\">\n\t\t\t<style>\/*! elementor - v3.16.0 - 20-09-2023 *\/\n.elementor-widget-image{text-align:center}.elementor-widget-image a{display:inline-block}.elementor-widget-image a img[src$=\".svg\"]{width:48px}.elementor-widget-image img{vertical-align:middle;display:inline-block}<\/style>\t\t\t\t\t\t\t\t\t\t\t\t\t<a href=\"https:\/\/festivaldelcentrohistorico.com\/26fch\">\n\t\t\t\t\t\t\t<img loading=\"lazy\" decoding=\"async\" width=\"800\" height=\"372\" src=\"https:\/\/festivaldelcentrohistorico.com\/26fch\/wp-content\/uploads\/2023\/09\/Logo_3.png\" class=\"attachment-large size-large wp-image-161\" alt=\"\" srcset=\"https:\/\/festivaldelcentrohistorico.com\/26fch\/wp-content\/uploads\/2023\/09\/Logo_3.png 843w, https:\/\/festivaldelcentrohistorico.com\/26fch\/wp-content\/uploads\/2023\/09\/Logo_3-300x140.png 300w, https:\/\/festivaldelcentrohistorico.com\/26fch\/wp-content\/uploads\/2023\/09\/Logo_3-768x357.png 768w\" sizes=\"auto, (max-width: 800px) 100vw, 800px\" \/>\t\t\t\t\t\t\t\t<\/a>\n\t\t\t\t\t\t\t\t\t\t\t\t\t\t\t<\/div>\n\t\t\t\t<\/div>\n\t\t\t\t\t<\/div>\n\t\t<\/div>\n\t\t\t\t<div class=\"elementor-column elementor-col-50 elementor-inner-column elementor-element elementor-element-a387a44\" data-id=\"a387a44\" data-element_type=\"column\">\n\t\t\t<div class=\"elementor-widget-wrap\">\n\t\t\t\t\t\t\t\t\t<\/div>\n\t\t<\/div>\n\t\t\t\t\t\t\t<\/div>\n\t\t<\/section>\n\t\t\t\t<div class=\"elementor-element elementor-element-6b30339 elementor-widget-divider--view-line elementor-widget elementor-widget-divider\" data-id=\"6b30339\" data-element_type=\"widget\" data-widget_type=\"divider.default\">\n\t\t\t\t<div class=\"elementor-widget-container\">\n\t\t\t<style>\/*! elementor - v3.16.0 - 20-09-2023 *\/\n.elementor-widget-divider{--divider-border-style:none;--divider-border-width:1px;--divider-color:#0c0d0e;--divider-icon-size:20px;--divider-element-spacing:10px;--divider-pattern-height:24px;--divider-pattern-size:20px;--divider-pattern-url:none;--divider-pattern-repeat:repeat-x}.elementor-widget-divider .elementor-divider{display:flex}.elementor-widget-divider .elementor-divider__text{font-size:15px;line-height:1;max-width:95%}.elementor-widget-divider .elementor-divider__element{margin:0 var(--divider-element-spacing);flex-shrink:0}.elementor-widget-divider .elementor-icon{font-size:var(--divider-icon-size)}.elementor-widget-divider .elementor-divider-separator{display:flex;margin:0;direction:ltr}.elementor-widget-divider--view-line_icon .elementor-divider-separator,.elementor-widget-divider--view-line_text .elementor-divider-separator{align-items:center}.elementor-widget-divider--view-line_icon .elementor-divider-separator:after,.elementor-widget-divider--view-line_icon .elementor-divider-separator:before,.elementor-widget-divider--view-line_text .elementor-divider-separator:after,.elementor-widget-divider--view-line_text .elementor-divider-separator:before{display:block;content:\"\";border-bottom:0;flex-grow:1;border-top:var(--divider-border-width) var(--divider-border-style) var(--divider-color)}.elementor-widget-divider--element-align-left .elementor-divider .elementor-divider-separator>.elementor-divider__svg:first-of-type{flex-grow:0;flex-shrink:100}.elementor-widget-divider--element-align-left .elementor-divider-separator:before{content:none}.elementor-widget-divider--element-align-left .elementor-divider__element{margin-left:0}.elementor-widget-divider--element-align-right .elementor-divider .elementor-divider-separator>.elementor-divider__svg:last-of-type{flex-grow:0;flex-shrink:100}.elementor-widget-divider--element-align-right .elementor-divider-separator:after{content:none}.elementor-widget-divider--element-align-right .elementor-divider__element{margin-right:0}.elementor-widget-divider:not(.elementor-widget-divider--view-line_text):not(.elementor-widget-divider--view-line_icon) .elementor-divider-separator{border-top:var(--divider-border-width) var(--divider-border-style) var(--divider-color)}.elementor-widget-divider--separator-type-pattern{--divider-border-style:none}.elementor-widget-divider--separator-type-pattern.elementor-widget-divider--view-line .elementor-divider-separator,.elementor-widget-divider--separator-type-pattern:not(.elementor-widget-divider--view-line) .elementor-divider-separator:after,.elementor-widget-divider--separator-type-pattern:not(.elementor-widget-divider--view-line) .elementor-divider-separator:before,.elementor-widget-divider--separator-type-pattern:not([class*=elementor-widget-divider--view]) .elementor-divider-separator{width:100%;min-height:var(--divider-pattern-height);-webkit-mask-size:var(--divider-pattern-size) 100%;mask-size:var(--divider-pattern-size) 100%;-webkit-mask-repeat:var(--divider-pattern-repeat);mask-repeat:var(--divider-pattern-repeat);background-color:var(--divider-color);-webkit-mask-image:var(--divider-pattern-url);mask-image:var(--divider-pattern-url)}.elementor-widget-divider--no-spacing{--divider-pattern-size:auto}.elementor-widget-divider--bg-round{--divider-pattern-repeat:round}.rtl .elementor-widget-divider .elementor-divider__text{direction:rtl}.e-con-inner>.elementor-widget-divider,.e-con>.elementor-widget-divider{width:var(--container-widget-width,100%);--flex-grow:var(--container-widget-flex-grow)}<\/style>\t\t<div class=\"elementor-divider\">\n\t\t\t<span class=\"elementor-divider-separator\">\n\t\t\t\t\t\t<\/span>\n\t\t<\/div>\n\t\t\t\t<\/div>\n\t\t\t\t<\/div>\n\t\t\t\t<div class=\"elementor-element elementor-element-98ecfc2 elementor-widget elementor-widget-heading\" data-id=\"98ecfc2\" data-element_type=\"widget\" data-widget_type=\"heading.default\">\n\t\t\t\t<div class=\"elementor-widget-container\">\n\t\t\t<style>\/*! elementor - v3.16.0 - 20-09-2023 *\/\n.elementor-heading-title{padding:0;margin:0;line-height:1}.elementor-widget-heading .elementor-heading-title[class*=elementor-size-]>a{color:inherit;font-size:inherit;line-height:inherit}.elementor-widget-heading .elementor-heading-title.elementor-size-small{font-size:15px}.elementor-widget-heading .elementor-heading-title.elementor-size-medium{font-size:19px}.elementor-widget-heading .elementor-heading-title.elementor-size-large{font-size:29px}.elementor-widget-heading .elementor-heading-title.elementor-size-xl{font-size:39px}.elementor-widget-heading .elementor-heading-title.elementor-size-xxl{font-size:59px}<\/style><h3 class=\"elementor-heading-title elementor-size-default\">26 A\u00d1OS DE PROMOVER LA CULTURA Y EL ARTE EN EL CENTRO HIST\u00d3RICO<\/h3>\t\t<\/div>\n\t\t\t\t<\/div>\n\t\t\t\t<div class=\"elementor-element elementor-element-0ab7eda elementor-widget-divider--view-line elementor-widget elementor-widget-divider\" data-id=\"0ab7eda\" data-element_type=\"widget\" data-widget_type=\"divider.default\">\n\t\t\t\t<div class=\"elementor-widget-container\">\n\t\t\t\t\t<div class=\"elementor-divider\">\n\t\t\t<span class=\"elementor-divider-separator\">\n\t\t\t\t\t\t<\/span>\n\t\t<\/div>\n\t\t\t\t<\/div>\n\t\t\t\t<\/div>\n\t\t\t\t<section class=\"elementor-section elementor-inner-section elementor-element elementor-element-626921b elementor-section-boxed elementor-section-height-default elementor-section-height-default\" data-id=\"626921b\" data-element_type=\"section\" data-settings=\"{&quot;jet_parallax_layout_list&quot;:[]}\">\n\t\t\t\t\t\t<div class=\"elementor-container elementor-column-gap-default\">\n\t\t\t\t\t<div class=\"elementor-column elementor-col-50 elementor-inner-column elementor-element elementor-element-2fc422f\" data-id=\"2fc422f\" data-element_type=\"column\">\n\t\t\t<div class=\"elementor-widget-wrap elementor-element-populated\">\n\t\t\t\t\t\t\t\t<div class=\"elementor-element elementor-element-6f0e04f elementor-widget elementor-widget-text-editor\" data-id=\"6f0e04f\" data-element_type=\"widget\" data-widget_type=\"text-editor.default\">\n\t\t\t\t<div class=\"elementor-widget-container\">\n\t\t\t<style>\/*! elementor - v3.16.0 - 20-09-2023 *\/\n.elementor-widget-text-editor.elementor-drop-cap-view-stacked .elementor-drop-cap{background-color:#69727d;color:#fff}.elementor-widget-text-editor.elementor-drop-cap-view-framed .elementor-drop-cap{color:#69727d;border:3px solid;background-color:transparent}.elementor-widget-text-editor:not(.elementor-drop-cap-view-default) .elementor-drop-cap{margin-top:8px}.elementor-widget-text-editor:not(.elementor-drop-cap-view-default) .elementor-drop-cap-letter{width:1em;height:1em}.elementor-widget-text-editor .elementor-drop-cap{float:left;text-align:center;line-height:1;font-size:50px}.elementor-widget-text-editor .elementor-drop-cap-letter{display:inline-block}<\/style>\t\t\t\t<p><strong>\u00a1Tan cerca, tan nuestro!<\/strong><\/p><p>El Centro Hist\u00f3rico de la Ciudad de Guatemala es un hermoso rinc\u00f3n donde el pasado se funde con el presente en un enorme y afectuoso abrazo. Sus calles emanan arquitectura historicista y art d\u00e9co que narran historias en cada esquina, con una elegancia que se mantiene imperturbable en medio del frenes\u00ed de la modernidad.<\/p><p>Aqu\u00ed, adem\u00e1s, est\u00e1 la m\u00e1s aut\u00e9ntica gastronom\u00eda de nuestro pa\u00eds, cuyos platos son como recuerdos en forma de sabores. Por supuesto, la cultura y el arte florecen en este sector a trav\u00e9s de sus exposiciones y diversas puestas en escena. Sin embargo, lo que verdaderamente da vida a este lugar es su gente, cuyas sonrisas y hospitalidad hacen que este sea un refugio acogedor.<\/p><p>Es justo aqu\u00ed, en el coraz\u00f3n de la ciudad, que celebramos la 26\u00aa edici\u00f3n del Festival del Centro Hist\u00f3rico (26FCH), evento que se llev\u00f3 a cabo por primera vez en 1998 y que ya es toda una tradici\u00f3n. En esta ocasi\u00f3n, nuestro lema es \u201c\u00a1Tan cerca, tan nuestro!\u201d, pues aqu\u00ed fue donde se origin\u00f3 la Nueva Guatemala de la Asunci\u00f3n y donde se concentran muchas de nuestras se\u00f1as de identidad.<\/p>\t\t\t\t\t\t<\/div>\n\t\t\t\t<\/div>\n\t\t\t\t\t<\/div>\n\t\t<\/div>\n\t\t\t\t<div class=\"elementor-column elementor-col-50 elementor-inner-column elementor-element elementor-element-ecbf4c3\" data-id=\"ecbf4c3\" data-element_type=\"column\">\n\t\t\t<div class=\"elementor-widget-wrap elementor-element-populated\">\n\t\t\t\t\t\t\t\t<div class=\"elementor-element elementor-element-0b34f98 elementor-widget elementor-widget-text-editor\" data-id=\"0b34f98\" data-element_type=\"widget\" data-widget_type=\"text-editor.default\">\n\t\t\t\t<div class=\"elementor-widget-container\">\n\t\t\t\t\t\t\t<p>El 26FCH, organizado del 5 al 14 de octubre del 2023, es posible gracias un comit\u00e9 interinstitucional que cuenta con la alianza de entidades afines y el apoyo de la Cervecer\u00eda Centro Americana.<\/p><p>La agenda incluye alrededor de 100 actividades culturales, art\u00edsticas y acad\u00e9micas. Estos esfuerzos, adem\u00e1s, tienen la intenci\u00f3n de concienciar sobre la importancia de revitalizar el Centro Hist\u00f3rico, un sector delimitado entre la Avenida Elena y la 12 avenida, y de la 1 a la 18 calle, zona 1.<\/p><p>As\u00ed que, sin m\u00e1s, sean todos bienvenidos y disfrutemos de la 26\u00aa edici\u00f3n del Festival del Centro Hist\u00f3rico, \u201c\u00a1Tan cerca, tan nuestro!\u201d.<\/p>\t\t\t\t\t\t<\/div>\n\t\t\t\t<\/div>\n\t\t\t\t\t<\/div>\n\t\t<\/div>\n\t\t\t\t\t\t\t<\/div>\n\t\t<\/section>\n\t\t\t\t\t<\/div>\n\t\t<\/div>\n\t\t\t\t\t\t\t<\/div>\n\t\t<\/section>\n\t\t\t\t\t\t\t<\/div>\n\t\t","protected":false},"excerpt":{"rendered":"<p>26 A\u00d1OS DE PROMOVER LA CULTURA Y EL ARTE EN EL CENTRO HIST\u00d3RICO \u00a1Tan cerca, tan nuestro! El Centro Hist\u00f3rico de la Ciudad de Guatemala es un hermoso rinc\u00f3n donde el pasado se funde con el presente en un enorme y afectuoso abrazo. Sus calles emanan arquitectura historicista y art d\u00e9co que narran historias en [&hellip;]<\/p>\n","protected":false},"author":1,"featured_media":0,"parent":0,"menu_order":0,"comment_status":"closed","ping_status":"closed","template":"","meta":{"_monsterinsights_skip_tracking":false,"_monsterinsights_sitenote_active":false,"_monsterinsights_sitenote_note":"","_monsterinsights_sitenote_category":0,"footnotes":""},"class_list":["post-156","page","type-page","status-publish","hentry"],"_links":{"self":[{"href":"https:\/\/festivaldelcentrohistorico.com\/26fch\/wp-json\/wp\/v2\/pages\/156","targetHints":{"allow":["GET"]}}],"collection":[{"href":"https:\/\/festivaldelcentrohistorico.com\/26fch\/wp-json\/wp\/v2\/pages"}],"about":[{"href":"https:\/\/festivaldelcentrohistorico.com\/26fch\/wp-json\/wp\/v2\/types\/page"}],"author":[{"embeddable":true,"href":"https:\/\/festivaldelcentrohistorico.com\/26fch\/wp-json\/wp\/v2\/users\/1"}],"replies":[{"embeddable":true,"href":"https:\/\/festivaldelcentrohistorico.com\/26fch\/wp-json\/wp\/v2\/comments?post=156"}],"version-history":[{"count":10,"href":"https:\/\/festivaldelcentrohistorico.com\/26fch\/wp-json\/wp\/v2\/pages\/156\/revisions"}],"predecessor-version":[{"id":550,"href":"https:\/\/festivaldelcentrohistorico.com\/26fch\/wp-json\/wp\/v2\/pages\/156\/revisions\/550"}],"wp:attachment":[{"href":"https:\/\/festivaldelcentrohistorico.com\/26fch\/wp-json\/wp\/v2\/media?parent=156"}],"curies":[{"name":"wp","href":"https:\/\/api.w.org\/{rel}","templated":true}]}}